{"id":1018,"date":"2022-11-07T11:02:02","date_gmt":"2022-11-07T11:02:02","guid":{"rendered":"https:\/\/distacstudio.es\/precios\/"},"modified":"2023-04-28T09:41:18","modified_gmt":"2023-04-28T09:41:18","slug":"preus","status":"publish","type":"page","link":"https:\/\/distacstudio.es\/ca\/preus\/","title":{"rendered":"Preus"},"content":{"rendered":"<div class=\"wpb-content-wrapper\"><section class=\"l-section wpb_row us_custom_e4eb24e1 height_medium\"><div class=\"l-section-h i-cf\"><div class=\"g-cols vc_row via_grid cols_1 laptops-cols_inherit tablets-cols_inherit mobiles-cols_1 valign_top type_default stacking_default\"><div class=\"wpb_column vc_column_container\"><div class=\"vc_column-inner\"><div class=\"wpb_text_column us_custom_4076faf9 has_text_color\"><div class=\"wpb_wrapper\"><h2 style=\"text-align: center;\">Escull la teva experi\u00e8ncia<\/h2>\n<\/div><\/div><div class=\"w-separator size_small with_line width_50 thick_2 style_solid color_secondary align_center\"><div class=\"w-separator-h\"><\/div><\/div><\/div><\/div><\/div><\/div><\/section><section class=\"l-section wpb_row us_custom_e4eb24e1 height_small\"><div class=\"l-section-h i-cf\"><div class=\"g-cols vc_row via_grid cols_4 laptops-cols_inherit tablets-cols_2 mobiles-cols_1 valign_top type_default stacking_default\" style=\"grid-gap:0rem;\"><div class=\"wpb_column vc_column_container us_custom_6b8f7cc4\"><div class=\"vc_column-inner\"><div class=\"w-hwrapper align_center valign_top\" style=\"--hwrapper-gap:0rem\"><div class=\"w-text us_custom_05cfd00f has_text_color\"><span class=\"w-text-h\"><span class=\"w-text-value\">Experi\u00e8ncia en grup<\/span><\/span><\/div><\/div><div class=\"w-separator size_small\"><\/div><div class=\"w-text us_custom_af3462d1 has_text_color\"><span class=\"w-text-h\"><span class=\"w-text-value\">75\u20ac<\/span><\/span><\/div><div class=\"w-text us_custom_eb849559\"><span class=\"w-text-h\"><span class=\"w-text-value\">DES DE<\/span><\/span><\/div><div class=\"w-separator size_medium\"><\/div><div class=\"wpb_text_column\"><div class=\"wpb_wrapper\"><p style=\"text-align: center;\">Inclou:<br \/>\n1 h d&#8217;enregistrament &#8211; 1 can\u00e7\u00f3<br \/>\nBase musical<br \/>\nMasteritzaci\u00f3\u00a0i arranjaments<br \/>\nCD personalitzat-USB<br \/>\nDisseny gr\u00e0fic<\/p>\n<\/div><\/div><div class=\"w-separator size_medium\"><\/div><div class=\"w-btn-wrapper align_center\"><a class=\"w-btn us-btn-style_1\" title=\"Contacte\" href=\"https:\/\/distacstudio.es\/ca\/contacte\/\"><span class=\"w-btn-label\">Sol\u00b7licitar informaci\u00f3<\/span><\/a><\/div><\/div><\/div><div class=\"wpb_column vc_column_container us_custom_6b8f7cc4\"><div class=\"vc_column-inner\"><div class=\"w-hwrapper align_center valign_top\" style=\"--hwrapper-gap:0rem\"><div class=\"w-text us_custom_05cfd00f has_text_color\"><span class=\"w-text-h\"><span class=\"w-text-value\">Xec regal<\/span><\/span><\/div><\/div><div class=\"w-separator size_small\"><\/div><div class=\"w-text us_custom_af3462d1 has_text_color\"><span class=\"w-text-h\"><span class=\"w-text-value\">60\u20ac<\/span><\/span><\/div><div class=\"w-text us_custom_eb849559\"><span class=\"w-text-h\"><span class=\"w-text-value\">DES DE<\/span><\/span><\/div><div class=\"w-separator size_medium\"><\/div><div class=\"wpb_text_column\"><div class=\"wpb_wrapper\"><p style=\"text-align: center;\">Inclou:<br \/>\n<span class=\"hiddenGrammarError\" style=\"padding-bottom: 2px; background-image: url('..\/..\/..\/..\/..\/images\/squiggle.png'); background-repeat: repeat-x; background-position: left bottom; cursor: default; color: #000000; font-family: 'Open Sans', Helvetica, Arial, sans-serif; font-size: 16px; font-style: normal; font-variant-ligatures: normal; font-variant-caps: normal; font-weight: 300; letter-spacing: normal; orphans: 2; text-align: start; text-indent: 0px; text-transform: none; white-space: normal; widows: 2; word-spacing: 0px; -webkit-text-stroke-width: 0px; text-decoration-thickness: initial; text-decoration-style: initial; text-decoration-color: initial;\">2h<\/span>\u00a0d&#8217;enregistrament- 2 can\u00e7ons<br \/>\nBase musical<br \/>\nMasteritzaci\u00f3\u00a0i arranjaments<br \/>\nVal personalitzat<br \/>\nCD personalitzat<\/p>\n<\/div><\/div><div class=\"w-separator size_medium\"><\/div><div class=\"w-btn-wrapper align_center\"><a class=\"w-btn us-btn-style_1\" title=\"Contacte\" href=\"https:\/\/distacstudio.es\/ca\/contacte\/\"><span class=\"w-btn-label\">Sol\u00b7licitar informaci\u00f3<\/span><\/a><\/div><\/div><\/div><div class=\"wpb_column vc_column_container us_custom_c288c96e has_text_color has_bg_color\"><div class=\"vc_column-inner\"><div class=\"w-iconbox us_custom_0cd16afc iconpos_top style_default color_contrast align_center no_title no_text\"><div class=\"w-iconbox-icon\" style=\"font-size:1.5rem;\"><i class=\"fas fa-crown\"><\/i><\/div><div class=\"w-iconbox-meta\"><\/div><\/div><div class=\"w-hwrapper align_center valign_top\" style=\"--hwrapper-gap:0rem\"><div class=\"w-text us_custom_10989448 has_text_color\"><span class=\"w-text-h\"><span class=\"w-text-value\">Regala una can\u00e7\u00f3<\/span><\/span><\/div><\/div><div class=\"w-separator size_small\"><\/div><div class=\"w-text us_custom_8df3aa9f\"><span class=\"w-text-h\"><span class=\"w-text-value\">45\u20ac<\/span><\/span><\/div><div class=\"w-text us_custom_eb849559\"><span class=\"w-text-h\"><span class=\"w-text-value\">DES DE<\/span><\/span><\/div><div class=\"w-separator size_medium\"><\/div><div class=\"wpb_text_column\"><div class=\"wpb_wrapper\"><p style=\"text-align: center;\">Inclou:<br \/>\n1 hora d&#8217;enregistrament &#8211; 1 can\u00e7\u00f3<br \/>\nBase musical<br \/>\nMasteritzaci\u00f3\u00a0i arranjaments<br \/>\nVal regalo personalitzat<\/p>\n<\/div><\/div><div class=\"w-separator size_large\"><\/div><div class=\"w-btn-wrapper align_center\"><a class=\"w-btn us-btn-style_3\" title=\"Contacte\" href=\"https:\/\/distacstudio.es\/ca\/contacte\/\"><span class=\"w-btn-label\">Sol\u00b7licitar informaci\u00f3<\/span><\/a><\/div><\/div><\/div><div class=\"wpb_column vc_column_container us_custom_6b8f7cc4\"><div class=\"vc_column-inner\"><div class=\"w-hwrapper us_custom_19737bc8 align_center valign_top\" style=\"--hwrapper-gap:0rem\"><div class=\"w-text us_custom_05cfd00f has_text_color\"><span class=\"w-text-h\"><span class=\"w-text-value\">Can\u00e7\u00f3 personalitzada<\/span><\/span><\/div><\/div><div class=\"w-separator size_small\"><\/div><div class=\"w-text us_custom_af3462d1 has_text_color\"><span class=\"w-text-h\"><span class=\"w-text-value\">150\u20ac<\/span><\/span><\/div><div class=\"w-text us_custom_eb849559\"><span class=\"w-text-h\"><span class=\"w-text-value\">DES DE<\/span><\/span><\/div><div class=\"w-separator size_medium\"><\/div><div class=\"wpb_text_column\"><div class=\"wpb_wrapper\"><p style=\"text-align: center;\">Inclou:<br \/>\nCreaci\u00f3 lletra original<br \/>\nInterpretaci\u00f3<br \/>\nEnregistrament d&#8217;una can\u00e7\u00f3<br \/>\nAltres serveis:<br \/>\nCD personalitzat-USB<br \/>\nDisseny gr\u00e0fic<\/p>\n<\/div><\/div><div class=\"w-separator size_small\"><\/div><div class=\"w-btn-wrapper align_center\"><a class=\"w-btn us-btn-style_1\" title=\"Contacte\" href=\"https:\/\/distacstudio.es\/ca\/contacte\/\"><span class=\"w-btn-label\">Sol\u00b7licitar informaci\u00f3<\/span><\/a><\/div><\/div><\/div><\/div><\/div><\/section><section class=\"l-section wpb_row us_custom_92d565f4 has_text_color height_medium width_full\"><div class=\"l-section-h i-cf\"><div class=\"g-cols vc_row via_grid cols_1 laptops-cols_inherit tablets-cols_inherit mobiles-cols_1 valign_top type_default stacking_default\"><div class=\"wpb_column vc_column_container\"><div class=\"vc_column-inner\"><section class=\"l-section wpb_row us_custom_34336ff3 height_auto\"><div class=\"l-section-h i-cf\"><div class=\"g-cols vc_row via_grid cols_2 laptops-cols_inherit tablets-cols_inherit mobiles-cols_1 valign_top type_default stacking_default\"><div class=\"wpb_column vc_column_container\"><div class=\"vc_column-inner\"><div class=\"wpb_text_column us_custom_5d8e4760\"><div class=\"wpb_wrapper\"><p><strong>Contacta amb nosaltres<\/strong><\/p>\n<\/div><\/div><div class=\"wpb_text_column us_custom_114fd11e\"><div class=\"wpb_wrapper\"><p>Contacta amb nosaltres omplint aquest formulari i et respondrem el m\u00e9s aviat possible.<\/p>\n<\/div><\/div>\n<div class=\"wpcf7 no-js\" id=\"wpcf7-f1080-o1\" lang=\"es-ES\" dir=\"ltr\" data-wpcf7-id=\"1080\">\n<div class=\"screen-reader-response\"><p role=\"status\" aria-live=\"polite\" aria-atomic=\"true\"><\/p> <ul><\/ul><\/div>\n<form action=\"\/ca\/wp-json\/wp\/v2\/pages\/1018#wpcf7-f1080-o1\" method=\"post\" class=\"wpcf7-form init\" aria-label=\"Formulario de contacto\" novalidate=\"novalidate\" data-status=\"init\">\n<fieldset class=\"hidden-fields-container\"><input type=\"hidden\" name=\"_wpcf7\" value=\"1080\" \/><input type=\"hidden\" name=\"_wpcf7_version\" value=\"6.1.3\" \/><input type=\"hidden\" name=\"_wpcf7_locale\" value=\"es_ES\" \/><input type=\"hidden\" name=\"_wpcf7_unit_tag\" value=\"wpcf7-f1080-o1\" \/><input type=\"hidden\" name=\"_wpcf7_container_post\" value=\"0\" \/><input type=\"hidden\" name=\"_wpcf7_posted_data_hash\" value=\"\" \/><input type=\"hidden\" name=\"_wpcf7_recaptcha_response\" value=\"\" \/>\n<\/fieldset>\n<div id=\"responsive-form\" class=\"clearfix\">\n\t<div class=\"form-row\">\n\t\t<div class=\"column-half\">\n\t\t\t<p><span class=\"wpcf7-form-control-wrap\" data-name=\"first-name\"><input size=\"40\" maxlength=\"400\" class=\"wpcf7-form-control wpcf7-text wpcf7-validates-as-required\" aria-required=\"true\" aria-invalid=\"false\" placeholder=\"Nom*\" value=\"\" type=\"text\" name=\"first-name\" \/><\/span>\n\t\t\t<\/p>\n\t\t<\/div>\n\t\t<div class=\"column-half\">\n\t\t\t<p><span class=\"wpcf7-form-control-wrap\" data-name=\"your-email\"><input size=\"40\" maxlength=\"400\" class=\"wpcf7-form-control wpcf7-email wpcf7-validates-as-required wpcf7-text wpcf7-validates-as-email\" aria-required=\"true\" aria-invalid=\"false\" placeholder=\"Email*\" value=\"\" type=\"email\" name=\"your-email\" \/><\/span>\n\t\t\t<\/p>\n\t\t<\/div>\n\t<\/div>\n\t<div class=\"form-row\">\n\t\t<div class=\"column-half\">\n\t\t\t<p><span class=\"wpcf7-form-control-wrap\" data-name=\"your-phone\"><input size=\"40\" maxlength=\"400\" class=\"wpcf7-form-control wpcf7-text wpcf7-validates-as-required\" aria-required=\"true\" aria-invalid=\"false\" placeholder=\"Tel\u00e8fon*\" value=\"\" type=\"text\" name=\"your-phone\" \/><\/span>\n\t\t\t<\/p>\n\t\t<\/div>\n\t<\/div>\n\t<div class=\"form-row\">\n\t\t<div class=\"column-full\">\n\t\t\t<p><span class=\"wpcf7-form-control-wrap\" data-name=\"asunto\"><input size=\"40\" maxlength=\"400\" class=\"wpcf7-form-control wpcf7-text wpcf7-validates-as-required\" aria-required=\"true\" aria-invalid=\"false\" placeholder=\"Assumpte*\" value=\"\" type=\"text\" name=\"asunto\" \/><\/span>\n\t\t\t<\/p>\n\t\t<\/div>\n\t<\/div>\n\t<div class=\"form-row\">\n\t\t<div class=\"column-full\">\n\t\t\t<p><span class=\"wpcf7-form-control-wrap\" data-name=\"your-message\"><textarea cols=\"40\" rows=\"10\" maxlength=\"2000\" class=\"wpcf7-form-control wpcf7-textarea wpcf7-validates-as-required\" aria-required=\"true\" aria-invalid=\"false\" placeholder=\"Escriu el teu missatge\" name=\"your-message\"><\/textarea><\/span>\n\t\t\t<\/p>\n\t\t<\/div>\n\t<\/div>\n\t<div class=\"form-row\" style=\"margin-left:6px;\">\n\t\t<p class=\"column-full\"><span class=\"wpcf7-form-control-wrap\" data-name=\"acceptance-405\"><span class=\"wpcf7-form-control wpcf7-acceptance\"><span class=\"wpcf7-list-item\"><input type=\"checkbox\" name=\"acceptance-405\" value=\"1\" aria-invalid=\"false\" \/><\/span><\/span><\/span> He llegit i accepto les <a id=\"submit-home\" class=\"link-color\" href=\"#\" rel=\"nofollow\">condicions de privadesa<\/a>.\n\t\t<\/p>\n\t<\/div>\n\t<div class=\"form-row\" style=\"margin-left:6px;\">\n\t\t<p class=\"column-full\"><span class=\"wpcf7-form-control-wrap\" data-name=\"acceptance-432\"><span class=\"wpcf7-form-control wpcf7-acceptance optional\"><span class=\"wpcf7-list-item\"><input type=\"checkbox\" name=\"acceptance-432\" value=\"1\" aria-invalid=\"false\" \/><\/span><\/span><\/span> Accepto rebre comunicacions de m\u00e0rqueting.\n\t\t<\/p>\n\t<\/div>\n\t<div class=\"form-row\">\n\t\t<div class=\"column-full\">\n\t\t\t<p><input class=\"wpcf7-form-control wpcf7-submit has-spinner\" type=\"submit\" value=\"Enviar\" \/>\n\t\t\t<\/p>\n\t\t<\/div>\n\t<\/div>\n<\/div><div class=\"wpcf7-response-output\" aria-hidden=\"true\"><\/div>\n<\/form>\n<\/div>\n<\/div><\/div><div class=\"wpb_column vc_column_container us_custom_eb849559\"><div class=\"vc_column-inner\"><div class=\"wpb_text_column us_custom_5d8e4760\"><div class=\"wpb_wrapper\"><p><strong>On som<\/strong><\/p>\n<\/div><\/div><div class=\"w-iconbox us_custom_8d5aa4e2 iconpos_left style_circle color_secondary align_left no_title\"><div class=\"w-iconbox-icon\" style=\"font-size:0.85rem;\"><i class=\"fas fa-map\"><\/i><\/div><div class=\"w-iconbox-meta\"><div class=\"w-iconbox-text\"><p>Carrer del Bergued\u00e0, 23, local 3, 08029 Barcelona<\/p>\n<\/div><\/div><\/div><div class=\"w-image align_none\"><div class=\"w-image-h\"><img loading=\"lazy\" decoding=\"async\" width=\"531\" height=\"268\" src=\"https:\/\/distacstudio.es\/wp-content\/uploads\/2022\/11\/minimapa-distac.jpg\" class=\"attachment-full size-full\" alt=\"\" srcset=\"https:\/\/distacstudio.es\/wp-content\/uploads\/2022\/11\/minimapa-distac.jpg 531w, https:\/\/distacstudio.es\/wp-content\/uploads\/2022\/11\/minimapa-distac-300x151.jpg 300w\" sizes=\"auto, (max-width: 531px) 100vw, 531px\" \/><\/div><\/div><div class=\"w-iconbox us_custom_4fd89a8b iconpos_left style_circle color_secondary align_left no_title\"><div class=\"w-iconbox-icon\" style=\"font-size:0.85rem;\"><i class=\"fas fa-phone\"><\/i><\/div><div class=\"w-iconbox-meta\"><div class=\"w-iconbox-text\"><p><strong>93 853 85 78\u00a0\/\u00a0687 36 39 54<\/strong><\/p>\n<\/div><\/div><\/div><div class=\"w-iconbox us_custom_3090c82c iconpos_left style_circle color_secondary align_left no_title\"><div class=\"w-iconbox-icon\" style=\"font-size:0.85rem;\"><i class=\"fas fa-envelope\"><\/i><\/div><div class=\"w-iconbox-meta\"><div class=\"w-iconbox-text\"><p>Email info@distacstudio.es<\/p>\n<\/div><\/div><\/div><div class=\"wpb_text_column us_custom_5d8e4760\"><div class=\"wpb_wrapper\"><p><strong>Horari:<\/strong><\/p>\n<\/div><\/div><div class=\"w-iconbox us_custom_3090c82c iconpos_left style_circle color_secondary align_left no_title\"><div class=\"w-iconbox-icon\" style=\"font-size:0.85rem;\"><i class=\"fas fa-clock\"><\/i><\/div><div class=\"w-iconbox-meta\"><div class=\"w-iconbox-text\"><p>Lunes &#8211; Viernes: 9h &#8211; 20h<\/p>\n<\/div><\/div><\/div><div class=\"wpb_text_column us_custom_5d8e4760\"><div class=\"wpb_wrapper\"><p><strong>Xarxes Socials:<\/strong><\/p>\n<\/div><\/div><div class=\"w-socials us_custom_d6c5e054 color_brand shape_square style_colored hover_slide\" style=\"--gap:0.2em;\"><div class=\"w-socials-list\"><div class=\"w-socials-item facebook\"><a class=\"w-socials-item-link\" href=\"https:\/\/www.facebook.com\/distacstudio\" target=\"_blank\" rel=\"noopener nofollow\" title=\"Facebook\" aria-label=\"Facebook\"><span class=\"w-socials-item-link-hover\"><\/span><i class=\"fab fa-facebook\"><\/i><\/a><div class=\"w-socials-item-popup\"><span>Facebook<\/span><\/div><\/div><div class=\"w-socials-item instagram\"><a class=\"w-socials-item-link\" href=\"http:\/\/www.instagram.com\/distac_studio\" target=\"_blank\" rel=\"noopener nofollow\" title=\"Instagram\" aria-label=\"Instagram\"><span class=\"w-socials-item-link-hover\"><\/span><i class=\"fab fa-instagram\"><\/i><\/a><div class=\"w-socials-item-popup\"><span>Instagram<\/span><\/div><\/div><\/div><\/div><\/div><\/div><\/div><\/div><\/section>\n<\/div><\/div><\/div><\/div><\/section>\n<\/div>","protected":false},"excerpt":{"rendered":"Escull la teva experi\u00e8ncia Experi\u00e8ncia en grup75\u20acDES DEInclou: 1 h d&#8217;enregistrament &#8211; 1 can\u00e7\u00f3 Base musical Masteritzaci\u00f3\u00a0i arranjaments CD personalitzat-USB Disseny gr\u00e0fic Sol\u00b7licitar informaci\u00f3Xec regal60\u20acDES DEInclou: 2h\u00a0d&#8217;enregistrament- 2 can\u00e7ons Base musical Masteritzaci\u00f3\u00a0i arranjaments Val personalitzat CD personalitzat Sol\u00b7licitar informaci\u00f3Regala una can\u00e7\u00f345\u20acDES DEInclou: 1 hora d&#8217;enregistrament &#8211; 1 can\u00e7\u00f3 Base musical Masteritzaci\u00f3\u00a0i arranjaments Val regalo personalitzat...","protected":false},"author":2,"featured_media":0,"parent":0,"menu_order":0,"comment_status":"closed","ping_status":"closed","template":"","meta":{"cybocfi_hide_featured_image":"","footnotes":""},"class_list":["post-1018","page","type-page","status-publish","hentry"],"yoast_head":"<!-- This site is optimized with the Yoast SEO plugin v27.2 - https:\/\/yoast.com\/product\/yoast-seo-wordpress\/ -->\n<title>Preus | Distac Studio<\/title>\n<meta name=\"description\" content=\"Distac Studio ofereix un ampli ventall de serveis amb preus d&#039;all\u00f2 m\u00e9s competitius, per poder-nos adaptar a tots. Entra i descobreix-los!\" \/>\n<meta name=\"robots\" content=\"index, follow, max-snippet:-1, max-image-preview:large, max-video-preview:-1\" \/>\n<link rel=\"canonical\" href=\"https:\/\/distacstudio.es\/ca\/preus\/\" \/>\n<meta property=\"og:locale\" content=\"ca_ES\" \/>\n<meta property=\"og:type\" content=\"article\" \/>\n<meta property=\"og:title\" content=\"Preus | Distac Studio\" \/>\n<meta property=\"og:description\" content=\"Distac Studio ofereix un ampli ventall de serveis amb preus d&#039;all\u00f2 m\u00e9s competitius, per poder-nos adaptar a tots. Entra i descobreix-los!\" \/>\n<meta property=\"og:url\" content=\"https:\/\/distacstudio.es\/ca\/preus\/\" \/>\n<meta property=\"og:site_name\" content=\"Distac Studio\" \/>\n<meta property=\"article:modified_time\" content=\"2023-04-28T09:41:18+00:00\" \/>\n<meta name=\"twitter:card\" content=\"summary_large_image\" \/>\n<meta name=\"twitter:label1\" content=\"Temps estimat de lectura\" \/>\n\t<meta name=\"twitter:data1\" content=\"1 minut\" \/>\n<script type=\"application\/ld+json\" class=\"yoast-schema-graph\">{\"@context\":\"https:\/\/schema.org\",\"@graph\":[{\"@type\":\"WebPage\",\"@id\":\"https:\/\/distacstudio.es\/ca\/preus\/\",\"url\":\"https:\/\/distacstudio.es\/ca\/preus\/\",\"name\":\"Preus | Distac Studio\",\"isPartOf\":{\"@id\":\"https:\/\/distacstudio.es\/#website\"},\"datePublished\":\"2022-11-07T11:02:02+00:00\",\"dateModified\":\"2023-04-28T09:41:18+00:00\",\"description\":\"Distac Studio ofereix un ampli ventall de serveis amb preus d'all\u00f2 m\u00e9s competitius, per poder-nos adaptar a tots. Entra i descobreix-los!\",\"breadcrumb\":{\"@id\":\"https:\/\/distacstudio.es\/ca\/preus\/#breadcrumb\"},\"inLanguage\":\"ca\",\"potentialAction\":[{\"@type\":\"ReadAction\",\"target\":[\"https:\/\/distacstudio.es\/ca\/preus\/\"]}]},{\"@type\":\"BreadcrumbList\",\"@id\":\"https:\/\/distacstudio.es\/ca\/preus\/#breadcrumb\",\"itemListElement\":[{\"@type\":\"ListItem\",\"position\":1,\"name\":\"Portada\",\"item\":\"https:\/\/distacstudio.es\/ca\/\"},{\"@type\":\"ListItem\",\"position\":2,\"name\":\"Preus\"}]},{\"@type\":\"WebSite\",\"@id\":\"https:\/\/distacstudio.es\/#website\",\"url\":\"https:\/\/distacstudio.es\/\",\"name\":\"Distac Studio\",\"description\":\"Just another WordPress site\",\"potentialAction\":[{\"@type\":\"SearchAction\",\"target\":{\"@type\":\"EntryPoint\",\"urlTemplate\":\"https:\/\/distacstudio.es\/?s={search_term_string}\"},\"query-input\":{\"@type\":\"PropertyValueSpecification\",\"valueRequired\":true,\"valueName\":\"search_term_string\"}}],\"inLanguage\":\"ca\"}]}<\/script>\n<!-- \/ Yoast SEO plugin. -->","yoast_head_json":{"title":"Preus | Distac Studio","description":"Distac Studio ofereix un ampli ventall de serveis amb preus d'all\u00f2 m\u00e9s competitius, per poder-nos adaptar a tots. Entra i descobreix-los!","robots":{"index":"index","follow":"follow","max-snippet":"max-snippet:-1","max-image-preview":"max-image-preview:large","max-video-preview":"max-video-preview:-1"},"canonical":"https:\/\/distacstudio.es\/ca\/preus\/","og_locale":"ca_ES","og_type":"article","og_title":"Preus | Distac Studio","og_description":"Distac Studio ofereix un ampli ventall de serveis amb preus d'all\u00f2 m\u00e9s competitius, per poder-nos adaptar a tots. Entra i descobreix-los!","og_url":"https:\/\/distacstudio.es\/ca\/preus\/","og_site_name":"Distac Studio","article_modified_time":"2023-04-28T09:41:18+00:00","twitter_card":"summary_large_image","twitter_misc":{"Temps estimat de lectura":"1 minut"},"schema":{"@context":"https:\/\/schema.org","@graph":[{"@type":"WebPage","@id":"https:\/\/distacstudio.es\/ca\/preus\/","url":"https:\/\/distacstudio.es\/ca\/preus\/","name":"Preus | Distac Studio","isPartOf":{"@id":"https:\/\/distacstudio.es\/#website"},"datePublished":"2022-11-07T11:02:02+00:00","dateModified":"2023-04-28T09:41:18+00:00","description":"Distac Studio ofereix un ampli ventall de serveis amb preus d'all\u00f2 m\u00e9s competitius, per poder-nos adaptar a tots. Entra i descobreix-los!","breadcrumb":{"@id":"https:\/\/distacstudio.es\/ca\/preus\/#breadcrumb"},"inLanguage":"ca","potentialAction":[{"@type":"ReadAction","target":["https:\/\/distacstudio.es\/ca\/preus\/"]}]},{"@type":"BreadcrumbList","@id":"https:\/\/distacstudio.es\/ca\/preus\/#breadcrumb","itemListElement":[{"@type":"ListItem","position":1,"name":"Portada","item":"https:\/\/distacstudio.es\/ca\/"},{"@type":"ListItem","position":2,"name":"Preus"}]},{"@type":"WebSite","@id":"https:\/\/distacstudio.es\/#website","url":"https:\/\/distacstudio.es\/","name":"Distac Studio","description":"Just another WordPress site","potentialAction":[{"@type":"SearchAction","target":{"@type":"EntryPoint","urlTemplate":"https:\/\/distacstudio.es\/?s={search_term_string}"},"query-input":{"@type":"PropertyValueSpecification","valueRequired":true,"valueName":"search_term_string"}}],"inLanguage":"ca"}]}},"_links":{"self":[{"href":"https:\/\/distacstudio.es\/ca\/wp-json\/wp\/v2\/pages\/1018","targetHints":{"allow":["GET"]}}],"collection":[{"href":"https:\/\/distacstudio.es\/ca\/wp-json\/wp\/v2\/pages"}],"about":[{"href":"https:\/\/distacstudio.es\/ca\/wp-json\/wp\/v2\/types\/page"}],"author":[{"embeddable":true,"href":"https:\/\/distacstudio.es\/ca\/wp-json\/wp\/v2\/users\/2"}],"replies":[{"embeddable":true,"href":"https:\/\/distacstudio.es\/ca\/wp-json\/wp\/v2\/comments?post=1018"}],"version-history":[{"count":2,"href":"https:\/\/distacstudio.es\/ca\/wp-json\/wp\/v2\/pages\/1018\/revisions"}],"predecessor-version":[{"id":1020,"href":"https:\/\/distacstudio.es\/ca\/wp-json\/wp\/v2\/pages\/1018\/revisions\/1020"}],"wp:attachment":[{"href":"https:\/\/distacstudio.es\/ca\/wp-json\/wp\/v2\/media?parent=1018"}],"curies":[{"name":"wp","href":"https:\/\/api.w.org\/{rel}","templated":true}]}}