{"id":1081,"date":"2023-11-20T07:31:59","date_gmt":"2023-11-20T07:31:59","guid":{"rendered":"https:\/\/distacstudio.es\/?page_id=1081"},"modified":"2023-06-16T07:53:39","modified_gmt":"2023-06-16T07:53:39","slug":"cancons-per-a-parelles","status":"publish","type":"page","link":"https:\/\/distacstudio.es\/ca\/cancons-per-a-parelles\/","title":{"rendered":"Can\u00e7ons per a parelles"},"content":{"rendered":"<div class=\"wpb-content-wrapper\"><section class=\"l-section wpb_row us_custom_97163765 height_medium with_img parallax_ver\"><div class=\"l-section-img\" style=\"background-image: url(https:\/\/distacstudio.es\/wp-content\/uploads\/2022\/11\/canciones-para-parejas-distac.jpg);background-repeat: no-repeat;\" data-img-width=\"1000\" data-img-height=\"482\"><\/div><div class=\"l-section-overlay\" style=\"background:rgba(0,0,0,0.20)\"><\/div><div class=\"l-section-h i-cf\"><div class=\"g-cols vc_row via_grid cols_1 laptops-cols_inherit tablets-cols_inherit mobiles-cols_1 valign_top type_default stacking_default\"><div class=\"wpb_column vc_column_container\"><div class=\"vc_column-inner\"><div class=\"wpb_text_column us_custom_6df4bc3a has_text_color\"><div class=\"wpb_wrapper\"><h1>Can\u00e7ons per a<br \/>\nParelles<\/h1>\n<\/div><\/div><\/div><\/div><\/div><\/div><\/section><section class=\"l-section wpb_row us_custom_e4eb24e1 height_small\"><div class=\"l-section-h i-cf\"><div class=\"g-cols vc_row via_grid cols_1 laptops-cols_inherit tablets-cols_inherit mobiles-cols_1 valign_top type_default stacking_default\"><div class=\"wpb_column vc_column_container\"><div class=\"vc_column-inner\"><div class=\"wpb_text_column us_custom_432d3f53\"><div class=\"wpb_wrapper\"><p>Si vols sorprendre a aquesta persona tan important a la teva vida i fer-li un regal que li arribi al cor, digues-li cantant. Fer feli\u00e7 a la teva parella \u00e9s una de les coses que m\u00e9s satisfacci\u00f3 et pot donar.<br \/>\nSi a la teva parella li agrada cantar, pots obsequiar-la amb una experi\u00e8ncia sense precedents. T&#8217;entregarem un \u201cval regal\u201d perqu\u00e8 enregistri una can\u00e7\u00f3 a DISTAC STUDIO. No nom\u00e9s viur\u00e0 l&#8217;emoci\u00f3 i l&#8217;experi\u00e8ncia de l&#8217;enregistrament, sin\u00f3 que rebr\u00e0 un CD professional amb els enregistraments.<br \/>\nPer\u00f2 si \u00e9s a tu a qui t&#8217;agrada cantar, pots fer tu l&#8217;enregistrament i fer-li el regal del CD amb una dedicat\u00f2ria particular.<\/p>\n<\/div><\/div><div class=\"w-separator size_small with_line width_50 thick_2 style_solid color_secondary align_center\"><div class=\"w-separator-h\"><\/div><\/div><\/div><\/div><\/div><\/div><\/section><section class=\"l-section wpb_row us_custom_e4eb24e1 height_medium\"><div class=\"l-section-h i-cf\"><div class=\"g-cols vc_row via_grid cols_2 laptops-cols_inherit tablets-cols_inherit mobiles-cols_1 valign_top type_default stacking_default\"><div class=\"wpb_column vc_column_container\"><div class=\"vc_column-inner\"><div class=\"wpb_text_column us_custom_432d3f53\"><div class=\"wpb_wrapper\"><h2>Com gravar a l&#8217;Estudi<\/h2>\n<p>Per tal que un dels dos, o tots dos vingueu a cantar, no cal que sigueu cantants, nom\u00e9s cal que us agradi cantar. No cal ser un cantant professional, el que importa \u00e9s l&#8217;actitud i les ganes de viure una experi\u00e8ncia extraordin\u00e0ria que culmini en un regal molt original. A l&#8217;Estudi viureu moments inoblidables i divertits. Tindreu el suport del nostre equip t\u00e8cnic, que us ajudar\u00e0 a preparar i a interpretar la can\u00e7\u00f3. A Distac treballem les millors t\u00e8cniques per aconseguir un bon resultat en un ambient c\u00e0lid i familiar.<\/p>\n<p>Qui vingui a gravar nom\u00e9s s&#8217;ha de preocupar d&#8217;assajar i portar la can\u00e7\u00f3 ben apresa. Nosaltres us proporcionarem la base musical i treballarem perqu\u00e8 la vostra veu i la m\u00fasica s&#8217;acoblin en perfecta harmonia.<\/p>\n<\/div><\/div><\/div><\/div><div class=\"wpb_column vc_column_container us_custom_5e37c81b has_bg_color\"><div class=\"vc_column-inner\"><\/div><\/div><\/div><\/div><\/section><section class=\"l-section wpb_row us_custom_d12ab336 has_text_color height_medium\"><div class=\"l-section-h i-cf\"><div class=\"g-cols vc_row via_grid cols_2 laptops-cols_inherit tablets-cols_inherit mobiles-cols_1 valign_top type_default stacking_default\"><div class=\"wpb_column vc_column_container us_custom_276b3307 has_bg_color\"><div class=\"vc_column-inner\"><\/div><\/div><div class=\"wpb_column vc_column_container\"><div class=\"vc_column-inner\"><div class=\"wpb_text_column us_custom_432d3f53\"><div class=\"wpb_wrapper\"><h2>Regala un CD amb l&#8217;enregistrament a l&#8217;Estudi<\/h2>\n<p>Aquest no \u00e9s un regal tradicional. Esteu regalant un CD amb can\u00e7ons interpretades per vosaltres mateixos. Qui no s&#8217;emociona, si us agrada cantar, amb la possibilitat de gravar un CD en un estudi de m\u00fasica?<br \/>\nDespr\u00e9s de fer la gravaci\u00f3, fabricarem un CD professional, com si fos un artista. La car\u00e0tula es pot personalitzar amb una dedicat\u00f2ria i amb les imatges que vulgueu. A l&#8217;interior del CD posarem, a m\u00e9s, imatges de l&#8217;actuaci\u00f3 a l&#8217;Estudi. L&#8217;enregistrament tamb\u00e9 el podem lliurar en format USB o en un fitxer digital.<\/p>\n<\/div><\/div><\/div><\/div><\/div><\/div><\/section><section class=\"l-section wpb_row us_custom_92d565f4 has_text_color height_medium width_full\"><div class=\"l-section-h i-cf\"><div class=\"g-cols vc_row via_grid cols_1 laptops-cols_inherit tablets-cols_inherit mobiles-cols_1 valign_top type_default stacking_default\"><div class=\"wpb_column vc_column_container\"><div class=\"vc_column-inner\"><section class=\"l-section wpb_row us_custom_34336ff3 height_auto\"><div class=\"l-section-h i-cf\"><div class=\"g-cols vc_row via_grid cols_2 laptops-cols_inherit tablets-cols_inherit mobiles-cols_1 valign_top type_default stacking_default\"><div class=\"wpb_column vc_column_container\"><div class=\"vc_column-inner\"><div class=\"wpb_text_column us_custom_5d8e4760\"><div class=\"wpb_wrapper\"><p><strong>Contacta amb nosaltres<\/strong><\/p>\n<\/div><\/div><div class=\"wpb_text_column us_custom_114fd11e\"><div class=\"wpb_wrapper\"><p>Contacta amb nosaltres omplint aquest formulari i et respondrem el m\u00e9s aviat possible.<\/p>\n<\/div><\/div>\n<div class=\"wpcf7 no-js\" id=\"wpcf7-f1080-o1\" lang=\"es-ES\" dir=\"ltr\" data-wpcf7-id=\"1080\">\n<div class=\"screen-reader-response\"><p role=\"status\" aria-live=\"polite\" aria-atomic=\"true\"><\/p> <ul><\/ul><\/div>\n<form action=\"\/ca\/wp-json\/wp\/v2\/pages\/1081#wpcf7-f1080-o1\" method=\"post\" class=\"wpcf7-form init\" aria-label=\"Formulario de contacto\" novalidate=\"novalidate\" data-status=\"init\">\n<fieldset class=\"hidden-fields-container\"><input type=\"hidden\" name=\"_wpcf7\" value=\"1080\" \/><input type=\"hidden\" name=\"_wpcf7_version\" value=\"6.1.3\" \/><input type=\"hidden\" name=\"_wpcf7_locale\" value=\"es_ES\" \/><input type=\"hidden\" name=\"_wpcf7_unit_tag\" value=\"wpcf7-f1080-o1\" \/><input type=\"hidden\" name=\"_wpcf7_container_post\" value=\"0\" \/><input type=\"hidden\" name=\"_wpcf7_posted_data_hash\" value=\"\" \/><input type=\"hidden\" name=\"_wpcf7_recaptcha_response\" value=\"\" \/>\n<\/fieldset>\n<div id=\"responsive-form\" class=\"clearfix\">\n\t<div class=\"form-row\">\n\t\t<div class=\"column-half\">\n\t\t\t<p><span class=\"wpcf7-form-control-wrap\" data-name=\"first-name\"><input size=\"40\" maxlength=\"400\" class=\"wpcf7-form-control wpcf7-text wpcf7-validates-as-required\" aria-required=\"true\" aria-invalid=\"false\" placeholder=\"Nom*\" value=\"\" type=\"text\" name=\"first-name\" \/><\/span>\n\t\t\t<\/p>\n\t\t<\/div>\n\t\t<div class=\"column-half\">\n\t\t\t<p><span class=\"wpcf7-form-control-wrap\" data-name=\"your-email\"><input size=\"40\" maxlength=\"400\" class=\"wpcf7-form-control wpcf7-email wpcf7-validates-as-required wpcf7-text wpcf7-validates-as-email\" aria-required=\"true\" aria-invalid=\"false\" placeholder=\"Email*\" value=\"\" type=\"email\" name=\"your-email\" \/><\/span>\n\t\t\t<\/p>\n\t\t<\/div>\n\t<\/div>\n\t<div class=\"form-row\">\n\t\t<div class=\"column-half\">\n\t\t\t<p><span class=\"wpcf7-form-control-wrap\" data-name=\"your-phone\"><input size=\"40\" maxlength=\"400\" class=\"wpcf7-form-control wpcf7-text wpcf7-validates-as-required\" aria-required=\"true\" aria-invalid=\"false\" placeholder=\"Tel\u00e8fon*\" value=\"\" type=\"text\" name=\"your-phone\" \/><\/span>\n\t\t\t<\/p>\n\t\t<\/div>\n\t<\/div>\n\t<div class=\"form-row\">\n\t\t<div class=\"column-full\">\n\t\t\t<p><span class=\"wpcf7-form-control-wrap\" data-name=\"asunto\"><input size=\"40\" maxlength=\"400\" class=\"wpcf7-form-control wpcf7-text wpcf7-validates-as-required\" aria-required=\"true\" aria-invalid=\"false\" placeholder=\"Assumpte*\" value=\"\" type=\"text\" name=\"asunto\" \/><\/span>\n\t\t\t<\/p>\n\t\t<\/div>\n\t<\/div>\n\t<div class=\"form-row\">\n\t\t<div class=\"column-full\">\n\t\t\t<p><span class=\"wpcf7-form-control-wrap\" data-name=\"your-message\"><textarea cols=\"40\" rows=\"10\" maxlength=\"2000\" class=\"wpcf7-form-control wpcf7-textarea wpcf7-validates-as-required\" aria-required=\"true\" aria-invalid=\"false\" placeholder=\"Escriu el teu missatge\" name=\"your-message\"><\/textarea><\/span>\n\t\t\t<\/p>\n\t\t<\/div>\n\t<\/div>\n\t<div class=\"form-row\" style=\"margin-left:6px;\">\n\t\t<p class=\"column-full\"><span class=\"wpcf7-form-control-wrap\" data-name=\"acceptance-405\"><span class=\"wpcf7-form-control wpcf7-acceptance\"><span class=\"wpcf7-list-item\"><input type=\"checkbox\" name=\"acceptance-405\" value=\"1\" aria-invalid=\"false\" \/><\/span><\/span><\/span> He llegit i accepto les <a id=\"submit-home\" class=\"link-color\" href=\"#\" rel=\"nofollow\">condicions de privadesa<\/a>.\n\t\t<\/p>\n\t<\/div>\n\t<div class=\"form-row\" style=\"margin-left:6px;\">\n\t\t<p class=\"column-full\"><span class=\"wpcf7-form-control-wrap\" data-name=\"acceptance-432\"><span class=\"wpcf7-form-control wpcf7-acceptance optional\"><span class=\"wpcf7-list-item\"><input type=\"checkbox\" name=\"acceptance-432\" value=\"1\" aria-invalid=\"false\" \/><\/span><\/span><\/span> Accepto rebre comunicacions de m\u00e0rqueting.\n\t\t<\/p>\n\t<\/div>\n\t<div class=\"form-row\">\n\t\t<div class=\"column-full\">\n\t\t\t<p><input class=\"wpcf7-form-control wpcf7-submit has-spinner\" type=\"submit\" value=\"Enviar\" \/>\n\t\t\t<\/p>\n\t\t<\/div>\n\t<\/div>\n<\/div><div class=\"wpcf7-response-output\" aria-hidden=\"true\"><\/div>\n<\/form>\n<\/div>\n<\/div><\/div><div class=\"wpb_column vc_column_container us_custom_eb849559\"><div class=\"vc_column-inner\"><div class=\"wpb_text_column us_custom_5d8e4760\"><div class=\"wpb_wrapper\"><p><strong>On som<\/strong><\/p>\n<\/div><\/div><div class=\"w-iconbox us_custom_8d5aa4e2 iconpos_left style_circle color_secondary align_left no_title\"><div class=\"w-iconbox-icon\" style=\"font-size:0.85rem;\"><i class=\"fas fa-map\"><\/i><\/div><div class=\"w-iconbox-meta\"><div class=\"w-iconbox-text\"><p>Carrer del Bergued\u00e0, 23, local 3, 08029 Barcelona<\/p>\n<\/div><\/div><\/div><div class=\"w-image align_none\"><div class=\"w-image-h\"><img loading=\"lazy\" decoding=\"async\" width=\"531\" height=\"268\" src=\"https:\/\/distacstudio.es\/wp-content\/uploads\/2022\/11\/minimapa-distac.jpg\" class=\"attachment-full size-full\" alt=\"\" srcset=\"https:\/\/distacstudio.es\/wp-content\/uploads\/2022\/11\/minimapa-distac.jpg 531w, https:\/\/distacstudio.es\/wp-content\/uploads\/2022\/11\/minimapa-distac-300x151.jpg 300w\" sizes=\"auto, (max-width: 531px) 100vw, 531px\" \/><\/div><\/div><div class=\"w-iconbox us_custom_4fd89a8b iconpos_left style_circle color_secondary align_left no_title\"><div class=\"w-iconbox-icon\" style=\"font-size:0.85rem;\"><i class=\"fas fa-phone\"><\/i><\/div><div class=\"w-iconbox-meta\"><div class=\"w-iconbox-text\"><p><strong>93 853 85 78\u00a0\/\u00a0687 36 39 54<\/strong><\/p>\n<\/div><\/div><\/div><div class=\"w-iconbox us_custom_3090c82c iconpos_left style_circle color_secondary align_left no_title\"><div class=\"w-iconbox-icon\" style=\"font-size:0.85rem;\"><i class=\"fas fa-envelope\"><\/i><\/div><div class=\"w-iconbox-meta\"><div class=\"w-iconbox-text\"><p>Email info@distacstudio.es<\/p>\n<\/div><\/div><\/div><div class=\"wpb_text_column us_custom_5d8e4760\"><div class=\"wpb_wrapper\"><p><strong>Horari:<\/strong><\/p>\n<\/div><\/div><div class=\"w-iconbox us_custom_3090c82c iconpos_left style_circle color_secondary align_left no_title\"><div class=\"w-iconbox-icon\" style=\"font-size:0.85rem;\"><i class=\"fas fa-clock\"><\/i><\/div><div class=\"w-iconbox-meta\"><div class=\"w-iconbox-text\"><p>Lunes &#8211; Viernes: 9h &#8211; 20h<\/p>\n<\/div><\/div><\/div><div class=\"wpb_text_column us_custom_5d8e4760\"><div class=\"wpb_wrapper\"><p><strong>Xarxes Socials:<\/strong><\/p>\n<\/div><\/div><div class=\"w-socials us_custom_d6c5e054 color_brand shape_square style_colored hover_slide\" style=\"--gap:0.2em;\"><div class=\"w-socials-list\"><div class=\"w-socials-item facebook\"><a class=\"w-socials-item-link\" href=\"https:\/\/www.facebook.com\/distacstudio\" target=\"_blank\" rel=\"noopener nofollow\" title=\"Facebook\" aria-label=\"Facebook\"><span class=\"w-socials-item-link-hover\"><\/span><i class=\"fab fa-facebook\"><\/i><\/a><div class=\"w-socials-item-popup\"><span>Facebook<\/span><\/div><\/div><div class=\"w-socials-item instagram\"><a class=\"w-socials-item-link\" href=\"http:\/\/www.instagram.com\/distac_studio\" target=\"_blank\" rel=\"noopener nofollow\" title=\"Instagram\" aria-label=\"Instagram\"><span class=\"w-socials-item-link-hover\"><\/span><i class=\"fab fa-instagram\"><\/i><\/a><div class=\"w-socials-item-popup\"><span>Instagram<\/span><\/div><\/div><\/div><\/div><\/div><\/div><\/div><\/div><\/section>\n<\/div><\/div><\/div><\/div><\/section>\n<\/div>","protected":false},"excerpt":{"rendered":"Can\u00e7ons per a Parelles Si vols sorprendre a aquesta persona tan important a la teva vida i fer-li un regal que li arribi al cor, digues-li cantant. Fer feli\u00e7 a la teva parella \u00e9s una de les coses que m\u00e9s satisfacci\u00f3 et pot donar. Si a la teva parella li agrada cantar, pots obsequiar-la amb...","protected":false},"author":2,"featured_media":871,"parent":0,"menu_order":0,"comment_status":"closed","ping_status":"closed","template":"","meta":{"cybocfi_hide_featured_image":"","footnotes":""},"class_list":["post-1081","page","type-page","status-publish","has-post-thumbnail","hentry"],"yoast_head":"<!-- This site is optimized with the Yoast SEO plugin v27.2 - https:\/\/yoast.com\/product\/yoast-seo-wordpress\/ -->\n<title>Can\u00e7ons per a parelles - Distac Studio<\/title>\n<meta name=\"description\" content=\"Vols tenir un detall bonic amb la teva parella? Regala l&#039;experi\u00e8ncia de crear la pr\u00f2pia can\u00e7\u00f3! Ets tu l&#039;artista? Grava tu! \ud83d\udc95\" \/>\n<meta name=\"robots\" content=\"index, follow, max-snippet:-1, max-image-preview:large, max-video-preview:-1\" \/>\n<link rel=\"canonical\" href=\"https:\/\/distacstudio.es\/ca\/cancons-per-a-parelles\/\" \/>\n<meta property=\"og:locale\" content=\"ca_ES\" \/>\n<meta property=\"og:type\" content=\"article\" \/>\n<meta property=\"og:title\" content=\"Can\u00e7ons per a parelles - Distac Studio\" \/>\n<meta property=\"og:description\" content=\"Vols tenir un detall bonic amb la teva parella? Regala l&#039;experi\u00e8ncia de crear la pr\u00f2pia can\u00e7\u00f3! Ets tu l&#039;artista? Grava tu! \ud83d\udc95\" \/>\n<meta property=\"og:url\" content=\"https:\/\/distacstudio.es\/ca\/cancons-per-a-parelles\/\" \/>\n<meta property=\"og:site_name\" content=\"Distac Studio\" \/>\n<meta name=\"twitter:card\" content=\"summary_large_image\" \/>\n<meta name=\"twitter:label1\" content=\"Temps estimat de lectura\" \/>\n\t<meta name=\"twitter:data1\" content=\"4 minuts\" \/>\n<script type=\"application\/ld+json\" class=\"yoast-schema-graph\">{\"@context\":\"https:\/\/schema.org\",\"@graph\":[{\"@type\":\"WebPage\",\"@id\":\"https:\/\/distacstudio.es\/ca\/cancons-per-a-parelles\/\",\"url\":\"https:\/\/distacstudio.es\/ca\/cancons-per-a-parelles\/\",\"name\":\"Can\u00e7ons per a parelles - Distac Studio\",\"isPartOf\":{\"@id\":\"https:\/\/distacstudio.es\/#website\"},\"primaryImageOfPage\":{\"@id\":\"https:\/\/distacstudio.es\/ca\/cancons-per-a-parelles\/#primaryimage\"},\"image\":{\"@id\":\"https:\/\/distacstudio.es\/ca\/cancons-per-a-parelles\/#primaryimage\"},\"thumbnailUrl\":\"https:\/\/distacstudio.es\/wp-content\/uploads\/2022\/11\/pareja-feliz.jpg\",\"datePublished\":\"2023-11-20T07:31:59+00:00\",\"description\":\"Vols tenir un detall bonic amb la teva parella? Regala l'experi\u00e8ncia de crear la pr\u00f2pia can\u00e7\u00f3! Ets tu l'artista? Grava tu! \ud83d\udc95\",\"breadcrumb\":{\"@id\":\"https:\/\/distacstudio.es\/ca\/cancons-per-a-parelles\/#breadcrumb\"},\"inLanguage\":\"ca\",\"potentialAction\":[{\"@type\":\"ReadAction\",\"target\":[\"https:\/\/distacstudio.es\/ca\/cancons-per-a-parelles\/\"]}]},{\"@type\":\"ImageObject\",\"inLanguage\":\"ca\",\"@id\":\"https:\/\/distacstudio.es\/ca\/cancons-per-a-parelles\/#primaryimage\",\"url\":\"https:\/\/distacstudio.es\/wp-content\/uploads\/2022\/11\/pareja-feliz.jpg\",\"contentUrl\":\"https:\/\/distacstudio.es\/wp-content\/uploads\/2022\/11\/pareja-feliz.jpg\",\"width\":1000,\"height\":667},{\"@type\":\"BreadcrumbList\",\"@id\":\"https:\/\/distacstudio.es\/ca\/cancons-per-a-parelles\/#breadcrumb\",\"itemListElement\":[{\"@type\":\"ListItem\",\"position\":1,\"name\":\"Portada\",\"item\":\"https:\/\/distacstudio.es\/ca\/\"},{\"@type\":\"ListItem\",\"position\":2,\"name\":\"Can\u00e7ons per a parelles\"}]},{\"@type\":\"WebSite\",\"@id\":\"https:\/\/distacstudio.es\/#website\",\"url\":\"https:\/\/distacstudio.es\/\",\"name\":\"Distac Studio\",\"description\":\"Just another WordPress site\",\"potentialAction\":[{\"@type\":\"SearchAction\",\"target\":{\"@type\":\"EntryPoint\",\"urlTemplate\":\"https:\/\/distacstudio.es\/?s={search_term_string}\"},\"query-input\":{\"@type\":\"PropertyValueSpecification\",\"valueRequired\":true,\"valueName\":\"search_term_string\"}}],\"inLanguage\":\"ca\"}]}<\/script>\n<!-- \/ Yoast SEO plugin. -->","yoast_head_json":{"title":"Can\u00e7ons per a parelles - Distac Studio","description":"Vols tenir un detall bonic amb la teva parella? Regala l'experi\u00e8ncia de crear la pr\u00f2pia can\u00e7\u00f3! Ets tu l'artista? Grava tu! \ud83d\udc95","robots":{"index":"index","follow":"follow","max-snippet":"max-snippet:-1","max-image-preview":"max-image-preview:large","max-video-preview":"max-video-preview:-1"},"canonical":"https:\/\/distacstudio.es\/ca\/cancons-per-a-parelles\/","og_locale":"ca_ES","og_type":"article","og_title":"Can\u00e7ons per a parelles - Distac Studio","og_description":"Vols tenir un detall bonic amb la teva parella? Regala l'experi\u00e8ncia de crear la pr\u00f2pia can\u00e7\u00f3! Ets tu l'artista? Grava tu! \ud83d\udc95","og_url":"https:\/\/distacstudio.es\/ca\/cancons-per-a-parelles\/","og_site_name":"Distac Studio","twitter_card":"summary_large_image","twitter_misc":{"Temps estimat de lectura":"4 minuts"},"schema":{"@context":"https:\/\/schema.org","@graph":[{"@type":"WebPage","@id":"https:\/\/distacstudio.es\/ca\/cancons-per-a-parelles\/","url":"https:\/\/distacstudio.es\/ca\/cancons-per-a-parelles\/","name":"Can\u00e7ons per a parelles - Distac Studio","isPartOf":{"@id":"https:\/\/distacstudio.es\/#website"},"primaryImageOfPage":{"@id":"https:\/\/distacstudio.es\/ca\/cancons-per-a-parelles\/#primaryimage"},"image":{"@id":"https:\/\/distacstudio.es\/ca\/cancons-per-a-parelles\/#primaryimage"},"thumbnailUrl":"https:\/\/distacstudio.es\/wp-content\/uploads\/2022\/11\/pareja-feliz.jpg","datePublished":"2023-11-20T07:31:59+00:00","description":"Vols tenir un detall bonic amb la teva parella? Regala l'experi\u00e8ncia de crear la pr\u00f2pia can\u00e7\u00f3! Ets tu l'artista? Grava tu! \ud83d\udc95","breadcrumb":{"@id":"https:\/\/distacstudio.es\/ca\/cancons-per-a-parelles\/#breadcrumb"},"inLanguage":"ca","potentialAction":[{"@type":"ReadAction","target":["https:\/\/distacstudio.es\/ca\/cancons-per-a-parelles\/"]}]},{"@type":"ImageObject","inLanguage":"ca","@id":"https:\/\/distacstudio.es\/ca\/cancons-per-a-parelles\/#primaryimage","url":"https:\/\/distacstudio.es\/wp-content\/uploads\/2022\/11\/pareja-feliz.jpg","contentUrl":"https:\/\/distacstudio.es\/wp-content\/uploads\/2022\/11\/pareja-feliz.jpg","width":1000,"height":667},{"@type":"BreadcrumbList","@id":"https:\/\/distacstudio.es\/ca\/cancons-per-a-parelles\/#breadcrumb","itemListElement":[{"@type":"ListItem","position":1,"name":"Portada","item":"https:\/\/distacstudio.es\/ca\/"},{"@type":"ListItem","position":2,"name":"Can\u00e7ons per a parelles"}]},{"@type":"WebSite","@id":"https:\/\/distacstudio.es\/#website","url":"https:\/\/distacstudio.es\/","name":"Distac Studio","description":"Just another WordPress site","potentialAction":[{"@type":"SearchAction","target":{"@type":"EntryPoint","urlTemplate":"https:\/\/distacstudio.es\/?s={search_term_string}"},"query-input":{"@type":"PropertyValueSpecification","valueRequired":true,"valueName":"search_term_string"}}],"inLanguage":"ca"}]}},"_links":{"self":[{"href":"https:\/\/distacstudio.es\/ca\/wp-json\/wp\/v2\/pages\/1081","targetHints":{"allow":["GET"]}}],"collection":[{"href":"https:\/\/distacstudio.es\/ca\/wp-json\/wp\/v2\/pages"}],"about":[{"href":"https:\/\/distacstudio.es\/ca\/wp-json\/wp\/v2\/types\/page"}],"author":[{"embeddable":true,"href":"https:\/\/distacstudio.es\/ca\/wp-json\/wp\/v2\/users\/2"}],"replies":[{"embeddable":true,"href":"https:\/\/distacstudio.es\/ca\/wp-json\/wp\/v2\/comments?post=1081"}],"version-history":[{"count":2,"href":"https:\/\/distacstudio.es\/ca\/wp-json\/wp\/v2\/pages\/1081\/revisions"}],"predecessor-version":[{"id":1163,"href":"https:\/\/distacstudio.es\/ca\/wp-json\/wp\/v2\/pages\/1081\/revisions\/1163"}],"wp:featuredmedia":[{"embeddable":true,"href":"https:\/\/distacstudio.es\/ca\/wp-json\/wp\/v2\/media\/871"}],"wp:attachment":[{"href":"https:\/\/distacstudio.es\/ca\/wp-json\/wp\/v2\/media?parent=1081"}],"curies":[{"name":"wp","href":"https:\/\/api.w.org\/{rel}","templated":true}]}}