{"id":1099,"date":"2022-11-21T08:26:47","date_gmt":"2022-11-21T08:26:47","guid":{"rendered":"https:\/\/distacstudio.es\/canciones-para-tu-mujer\/"},"modified":"2023-06-15T10:32:34","modified_gmt":"2023-06-15T10:32:34","slug":"cancons-per-la-teva-dona","status":"publish","type":"page","link":"https:\/\/distacstudio.es\/ca\/cancons-per-la-teva-dona\/","title":{"rendered":"Can\u00e7ons per a la teva dona"},"content":{"rendered":"<div class=\"wpb-content-wrapper\"><section class=\"l-section wpb_row us_custom_97163765 height_medium with_img parallax_ver\"><div class=\"l-section-img\" style=\"background-image: url(https:\/\/distacstudio.es\/wp-content\/uploads\/2022\/11\/esposa-feliz.jpg);background-repeat: no-repeat;\" data-img-width=\"1000\" data-img-height=\"667\"><\/div><div class=\"l-section-overlay\" style=\"background:rgba(0,0,0,0.20)\"><\/div><div class=\"l-section-h i-cf\"><div class=\"g-cols vc_row via_grid cols_1 laptops-cols_inherit tablets-cols_inherit mobiles-cols_1 valign_top type_default stacking_default\"><div class=\"wpb_column vc_column_container\"><div class=\"vc_column-inner\"><div class=\"wpb_text_column us_custom_6df4bc3a has_text_color\"><div class=\"wpb_wrapper\"><h1>Can\u00e7ons per a la<\/h1>\n<h1>teva dona<\/h1>\n<\/div><\/div><\/div><\/div><\/div><\/div><\/section><section class=\"l-section wpb_row us_custom_e4eb24e1 height_small\"><div class=\"l-section-h i-cf\"><div class=\"g-cols vc_row via_grid cols_1 laptops-cols_inherit tablets-cols_inherit mobiles-cols_1 valign_top type_default stacking_default\"><div class=\"wpb_column vc_column_container\"><div class=\"vc_column-inner\"><div class=\"wpb_text_column us_custom_432d3f53\"><div class=\"wpb_wrapper\"><p>Si la teva dona \u00e9s aficionada a cantar o li agrada tocar algun instrument i la vols sorprendre amb un excepcional regal, un regal que no s&#8217;esperi, un regal que per la seva transcend\u00e8ncia i per ser un bonic detall, t&#8217;agrair\u00e0 i el recordar\u00e0 sempre, regala-li una sessi\u00f3 d&#8217;enregistrament a\u00a0<span class=\"hiddenSpellError\">DISTAC<\/span>.<br \/>\nUn regal diferent com aquest, pot ajudar a mantenir aquest sentiment que un dia us va portar a compartir la vostra vida. No ho dubtis, regala-li una sessi\u00f3 d&#8217;enregistrament a\u00a0<span class=\"hiddenSpellError\">Distac<\/span>\u00a0<span class=\"hiddenSpellError\">Studio<\/span>. S&#8217;emocionar\u00e0.<\/p>\n<\/div><\/div><div class=\"w-separator size_small with_line width_50 thick_2 style_solid color_secondary align_center\"><div class=\"w-separator-h\"><\/div><\/div><\/div><\/div><\/div><\/div><\/section><section class=\"l-section wpb_row us_custom_e4eb24e1 height_medium\"><div class=\"l-section-h i-cf\"><div class=\"g-cols vc_row via_grid cols_2 laptops-cols_inherit tablets-cols_inherit mobiles-cols_1 valign_top type_default stacking_default\"><div class=\"wpb_column vc_column_container\"><div class=\"vc_column-inner\"><div class=\"wpb_text_column us_custom_432d3f53\"><div class=\"wpb_wrapper\"><h2>Entrega del Val regal per regalar una can\u00e7\u00f3<\/h2>\n<p>Prepararem un &#8220;Val regal&#8221; perqu\u00e8 li lliuris a la teva dona, perqu\u00e8 pugui concertar una sessi\u00f3 d&#8217;enregistrament a\u00a0<span class=\"hiddenSpellError\">Distac<\/span>\u00a0<span class=\"hiddenSpellError\">Studio<\/span>. La sorpresa no es limita a viure l&#8217;experi\u00e8ncia de l&#8217;enregistrament en un estudi professional, tamb\u00e9 inclou el lliurament de l&#8217;enregistrament en un CD, que incorporar\u00e0 en la seva portada una imatge de l&#8217;enregistrament o la fotografia i la dedicat\u00f2ria que tu vulguis i, a l&#8217;interior, una seq\u00fc\u00e8ncia de les imatges de la seva actuaci\u00f3. La nostra dissenyadora gr\u00e0fica et pot assessorar per a aconseguir que la portada i el contingut gr\u00e0fic del CD causin impacte.<\/p>\n<p>Tu podr\u00e0s assistir i viure tot el proc\u00e9s per a veure com el gaudeix la teva dona.<\/p>\n<\/div><\/div><\/div><\/div><div class=\"wpb_column vc_column_container us_custom_d49b3f49 has_bg_color\"><div class=\"vc_column-inner\"><\/div><\/div><\/div><\/div><\/section><section class=\"l-section wpb_row us_custom_d12ab336 has_text_color height_medium\"><div class=\"l-section-h i-cf\"><div class=\"g-cols vc_row via_grid cols_2 laptops-cols_inherit tablets-cols_inherit mobiles-cols_1 valign_top type_default stacking_default\"><div class=\"wpb_column vc_column_container us_custom_20b598ef has_bg_color\"><div class=\"vc_column-inner\"><\/div><\/div><div class=\"wpb_column vc_column_container\"><div class=\"vc_column-inner\"><div class=\"wpb_text_column us_custom_432d3f53\"><div class=\"wpb_wrapper\"><h2>Sessi\u00f3 d&#8217;enregistrament de la can\u00e7\u00f3 per a la teva dona<\/h2>\n<p>Per a venir a gravar, no \u00e9s necessari que sigui una cantant, ni una instrumentista rellevant, \u00e9s suficient que sigui aficionada a cantar, o a tocar algun instrument. El que importa \u00e9s la seva actitud i la seva voluntat de viure una experi\u00e8ncia divertida.<br \/>\nNo ha de preocupar-se si no canta molt b\u00e9, en tot el proc\u00e9s tindr\u00e0 el suport del nostre equip, que l&#8217;ajudar\u00e0 a interpretar la can\u00e7\u00f3 en un ambient familiar i dist\u00e8s. Nom\u00e9s ha de preocupar-se d&#8217;assajar i portar la can\u00e7\u00f3 ben apresa. Nosaltres buscarem la base musical i treballarem perqu\u00e8 tot s&#8217;acobli perfectament.<\/p>\n<\/div><\/div><\/div><\/div><\/div><\/div><\/section><section class=\"l-section wpb_row us_custom_e4eb24e1 height_medium\"><div class=\"l-section-h i-cf\"><div class=\"g-cols vc_row via_grid cols_2 laptops-cols_inherit tablets-cols_inherit mobiles-cols_1 valign_middle type_default stacking_default\"><div class=\"wpb_column vc_column_container\"><div class=\"vc_column-inner\"><div class=\"wpb_text_column us_custom_432d3f53\"><div class=\"wpb_wrapper\"><h2>Si l&#8217;artista ets el teu, grava la can\u00e7\u00f3 per a la teva dona<\/h2>\n<p>Per\u00f2 si ets tu qui vol regalar una can\u00e7\u00f3 cantada per tu a la teva dona, tamb\u00e9 pots venir a gravar. Quin millor regal que dedicar una can\u00e7\u00f3 interpretada per tu? Canta aquesta can\u00e7\u00f3 que tant li agrada a la teva dona i veuen a gravar-la a\u00a0<span class=\"hiddenSpellError\">Distac<\/span>. Tant si ets professional o no, pots venir a cantar! Viur\u00e0s una inoblidable experi\u00e8ncia.<\/p>\n<\/div><\/div><\/div><\/div><div class=\"wpb_column vc_column_container\"><div class=\"vc_column-inner\"><div class=\"w-image align_none\"><div class=\"w-image-h\"><img loading=\"lazy\" decoding=\"async\" width=\"1000\" height=\"666\" src=\"https:\/\/distacstudio.es\/wp-content\/uploads\/2022\/11\/esposo-cantando.jpg\" class=\"attachment-large size-large\" alt=\"\" srcset=\"https:\/\/distacstudio.es\/wp-content\/uploads\/2022\/11\/esposo-cantando.jpg 1000w, https:\/\/distacstudio.es\/wp-content\/uploads\/2022\/11\/esposo-cantando-300x200.jpg 300w\" sizes=\"auto, (max-width: 1000px) 100vw, 1000px\" \/><\/div><\/div><\/div><\/div><\/div><\/div><\/section><section class=\"l-section wpb_row us_custom_92d565f4 has_text_color height_medium width_full\"><div class=\"l-section-h i-cf\"><div class=\"g-cols vc_row via_grid cols_1 laptops-cols_inherit tablets-cols_inherit mobiles-cols_1 valign_top type_default stacking_default\"><div class=\"wpb_column vc_column_container\"><div class=\"vc_column-inner\"><section class=\"l-section wpb_row us_custom_34336ff3 height_auto\"><div class=\"l-section-h i-cf\"><div class=\"g-cols vc_row via_grid cols_2 laptops-cols_inherit tablets-cols_inherit mobiles-cols_1 valign_top type_default stacking_default\"><div class=\"wpb_column vc_column_container\"><div class=\"vc_column-inner\"><div class=\"wpb_text_column us_custom_5d8e4760\"><div class=\"wpb_wrapper\"><p><strong>Contacta amb nosaltres<\/strong><\/p>\n<\/div><\/div><div class=\"wpb_text_column us_custom_114fd11e\"><div class=\"wpb_wrapper\"><p>Contacta amb nosaltres omplint aquest formulari i et respondrem el m\u00e9s aviat possible.<\/p>\n<\/div><\/div>\n<div class=\"wpcf7 no-js\" id=\"wpcf7-f1080-o1\" lang=\"es-ES\" dir=\"ltr\" data-wpcf7-id=\"1080\">\n<div class=\"screen-reader-response\"><p role=\"status\" aria-live=\"polite\" aria-atomic=\"true\"><\/p> <ul><\/ul><\/div>\n<form action=\"\/ca\/wp-json\/wp\/v2\/pages\/1099#wpcf7-f1080-o1\" method=\"post\" class=\"wpcf7-form init\" aria-label=\"Formulario de contacto\" novalidate=\"novalidate\" data-status=\"init\">\n<fieldset class=\"hidden-fields-container\"><input type=\"hidden\" name=\"_wpcf7\" value=\"1080\" \/><input type=\"hidden\" name=\"_wpcf7_version\" value=\"6.1.3\" \/><input type=\"hidden\" name=\"_wpcf7_locale\" value=\"es_ES\" \/><input type=\"hidden\" name=\"_wpcf7_unit_tag\" value=\"wpcf7-f1080-o1\" \/><input type=\"hidden\" name=\"_wpcf7_container_post\" value=\"0\" \/><input type=\"hidden\" name=\"_wpcf7_posted_data_hash\" value=\"\" \/><input type=\"hidden\" name=\"_wpcf7_recaptcha_response\" value=\"\" \/>\n<\/fieldset>\n<div id=\"responsive-form\" class=\"clearfix\">\n\t<div class=\"form-row\">\n\t\t<div class=\"column-half\">\n\t\t\t<p><span class=\"wpcf7-form-control-wrap\" data-name=\"first-name\"><input size=\"40\" maxlength=\"400\" class=\"wpcf7-form-control wpcf7-text wpcf7-validates-as-required\" aria-required=\"true\" aria-invalid=\"false\" placeholder=\"Nom*\" value=\"\" type=\"text\" name=\"first-name\" \/><\/span>\n\t\t\t<\/p>\n\t\t<\/div>\n\t\t<div class=\"column-half\">\n\t\t\t<p><span class=\"wpcf7-form-control-wrap\" data-name=\"your-email\"><input size=\"40\" maxlength=\"400\" class=\"wpcf7-form-control wpcf7-email wpcf7-validates-as-required wpcf7-text wpcf7-validates-as-email\" aria-required=\"true\" aria-invalid=\"false\" placeholder=\"Email*\" value=\"\" type=\"email\" name=\"your-email\" \/><\/span>\n\t\t\t<\/p>\n\t\t<\/div>\n\t<\/div>\n\t<div class=\"form-row\">\n\t\t<div class=\"column-half\">\n\t\t\t<p><span class=\"wpcf7-form-control-wrap\" data-name=\"your-phone\"><input size=\"40\" maxlength=\"400\" class=\"wpcf7-form-control wpcf7-text wpcf7-validates-as-required\" aria-required=\"true\" aria-invalid=\"false\" placeholder=\"Tel\u00e8fon*\" value=\"\" type=\"text\" name=\"your-phone\" \/><\/span>\n\t\t\t<\/p>\n\t\t<\/div>\n\t<\/div>\n\t<div class=\"form-row\">\n\t\t<div class=\"column-full\">\n\t\t\t<p><span class=\"wpcf7-form-control-wrap\" data-name=\"asunto\"><input size=\"40\" maxlength=\"400\" class=\"wpcf7-form-control wpcf7-text wpcf7-validates-as-required\" aria-required=\"true\" aria-invalid=\"false\" placeholder=\"Assumpte*\" value=\"\" type=\"text\" name=\"asunto\" \/><\/span>\n\t\t\t<\/p>\n\t\t<\/div>\n\t<\/div>\n\t<div class=\"form-row\">\n\t\t<div class=\"column-full\">\n\t\t\t<p><span class=\"wpcf7-form-control-wrap\" data-name=\"your-message\"><textarea cols=\"40\" rows=\"10\" maxlength=\"2000\" class=\"wpcf7-form-control wpcf7-textarea wpcf7-validates-as-required\" aria-required=\"true\" aria-invalid=\"false\" placeholder=\"Escriu el teu missatge\" name=\"your-message\"><\/textarea><\/span>\n\t\t\t<\/p>\n\t\t<\/div>\n\t<\/div>\n\t<div class=\"form-row\" style=\"margin-left:6px;\">\n\t\t<p class=\"column-full\"><span class=\"wpcf7-form-control-wrap\" data-name=\"acceptance-405\"><span class=\"wpcf7-form-control wpcf7-acceptance\"><span class=\"wpcf7-list-item\"><input type=\"checkbox\" name=\"acceptance-405\" value=\"1\" aria-invalid=\"false\" \/><\/span><\/span><\/span> He llegit i accepto les <a id=\"submit-home\" class=\"link-color\" href=\"#\" rel=\"nofollow\">condicions de privadesa<\/a>.\n\t\t<\/p>\n\t<\/div>\n\t<div class=\"form-row\" style=\"margin-left:6px;\">\n\t\t<p class=\"column-full\"><span class=\"wpcf7-form-control-wrap\" data-name=\"acceptance-432\"><span class=\"wpcf7-form-control wpcf7-acceptance optional\"><span class=\"wpcf7-list-item\"><input type=\"checkbox\" name=\"acceptance-432\" value=\"1\" aria-invalid=\"false\" \/><\/span><\/span><\/span> Accepto rebre comunicacions de m\u00e0rqueting.\n\t\t<\/p>\n\t<\/div>\n\t<div class=\"form-row\">\n\t\t<div class=\"column-full\">\n\t\t\t<p><input class=\"wpcf7-form-control wpcf7-submit has-spinner\" type=\"submit\" value=\"Enviar\" \/>\n\t\t\t<\/p>\n\t\t<\/div>\n\t<\/div>\n<\/div><div class=\"wpcf7-response-output\" aria-hidden=\"true\"><\/div>\n<\/form>\n<\/div>\n<\/div><\/div><div class=\"wpb_column vc_column_container us_custom_eb849559\"><div class=\"vc_column-inner\"><div class=\"wpb_text_column us_custom_5d8e4760\"><div class=\"wpb_wrapper\"><p><strong>On som<\/strong><\/p>\n<\/div><\/div><div class=\"w-iconbox us_custom_8d5aa4e2 iconpos_left style_circle color_secondary align_left no_title\"><div class=\"w-iconbox-icon\" style=\"font-size:0.85rem;\"><i class=\"fas fa-map\"><\/i><\/div><div class=\"w-iconbox-meta\"><div class=\"w-iconbox-text\"><p>Carrer del Bergued\u00e0, 23, local 3, 08029 Barcelona<\/p>\n<\/div><\/div><\/div><div class=\"w-image align_none\"><div class=\"w-image-h\"><img loading=\"lazy\" decoding=\"async\" width=\"531\" height=\"268\" src=\"https:\/\/distacstudio.es\/wp-content\/uploads\/2022\/11\/minimapa-distac.jpg\" class=\"attachment-full size-full\" alt=\"\" srcset=\"https:\/\/distacstudio.es\/wp-content\/uploads\/2022\/11\/minimapa-distac.jpg 531w, https:\/\/distacstudio.es\/wp-content\/uploads\/2022\/11\/minimapa-distac-300x151.jpg 300w\" sizes=\"auto, (max-width: 531px) 100vw, 531px\" \/><\/div><\/div><div class=\"w-iconbox us_custom_4fd89a8b iconpos_left style_circle color_secondary align_left no_title\"><div class=\"w-iconbox-icon\" style=\"font-size:0.85rem;\"><i class=\"fas fa-phone\"><\/i><\/div><div class=\"w-iconbox-meta\"><div class=\"w-iconbox-text\"><p><strong>93 853 85 78\u00a0\/\u00a0687 36 39 54<\/strong><\/p>\n<\/div><\/div><\/div><div class=\"w-iconbox us_custom_3090c82c iconpos_left style_circle color_secondary align_left no_title\"><div class=\"w-iconbox-icon\" style=\"font-size:0.85rem;\"><i class=\"fas fa-envelope\"><\/i><\/div><div class=\"w-iconbox-meta\"><div class=\"w-iconbox-text\"><p>Email info@distacstudio.es<\/p>\n<\/div><\/div><\/div><div class=\"wpb_text_column us_custom_5d8e4760\"><div class=\"wpb_wrapper\"><p><strong>Horari:<\/strong><\/p>\n<\/div><\/div><div class=\"w-iconbox us_custom_3090c82c iconpos_left style_circle color_secondary align_left no_title\"><div class=\"w-iconbox-icon\" style=\"font-size:0.85rem;\"><i class=\"fas fa-clock\"><\/i><\/div><div class=\"w-iconbox-meta\"><div class=\"w-iconbox-text\"><p>Lunes &#8211; Viernes: 9h &#8211; 20h<\/p>\n<\/div><\/div><\/div><div class=\"wpb_text_column us_custom_5d8e4760\"><div class=\"wpb_wrapper\"><p><strong>Xarxes Socials:<\/strong><\/p>\n<\/div><\/div><div class=\"w-socials us_custom_d6c5e054 color_brand shape_square style_colored hover_slide\" style=\"--gap:0.2em;\"><div class=\"w-socials-list\"><div class=\"w-socials-item facebook\"><a class=\"w-socials-item-link\" href=\"https:\/\/www.facebook.com\/distacstudio\" target=\"_blank\" rel=\"noopener nofollow\" title=\"Facebook\" aria-label=\"Facebook\"><span class=\"w-socials-item-link-hover\"><\/span><i class=\"fab fa-facebook\"><\/i><\/a><div class=\"w-socials-item-popup\"><span>Facebook<\/span><\/div><\/div><div class=\"w-socials-item instagram\"><a class=\"w-socials-item-link\" href=\"http:\/\/www.instagram.com\/distac_studio\" target=\"_blank\" rel=\"noopener nofollow\" title=\"Instagram\" aria-label=\"Instagram\"><span class=\"w-socials-item-link-hover\"><\/span><i class=\"fab fa-instagram\"><\/i><\/a><div class=\"w-socials-item-popup\"><span>Instagram<\/span><\/div><\/div><\/div><\/div><\/div><\/div><\/div><\/div><\/section>\n<\/div><\/div><\/div><\/div><\/section>\n<\/div>","protected":false},"excerpt":{"rendered":"Can\u00e7ons per a la teva dona Si la teva dona \u00e9s aficionada a cantar o li agrada tocar algun instrument i la vols sorprendre amb un excepcional regal, un regal que no s&#8217;esperi, un regal que per la seva transcend\u00e8ncia i per ser un bonic detall, t&#8217;agrair\u00e0 i el recordar\u00e0 sempre, regala-li una sessi\u00f3 d&#8217;enregistrament...","protected":false},"author":2,"featured_media":879,"parent":0,"menu_order":0,"comment_status":"closed","ping_status":"closed","template":"","meta":{"cybocfi_hide_featured_image":"","footnotes":""},"class_list":["post-1099","page","type-page","status-publish","has-post-thumbnail","hentry"],"yoast_head":"<!-- This site is optimized with the Yoast SEO plugin v27.2 - https:\/\/yoast.com\/product\/yoast-seo-wordpress\/ -->\n<title>Regala una Can\u00e7\u00f3 a la teva Dona | Distac Studio<\/title>\n<meta name=\"description\" content=\"La vols, oi? Perqu\u00e8 si ets un artista diga-li amb la teva veu amb una can\u00e7\u00f3! Si \u00e9s a ella a qui li agrada cantar, que ens visiti ella!\" \/>\n<meta name=\"robots\" content=\"index, follow, max-snippet:-1, max-image-preview:large, max-video-preview:-1\" \/>\n<link rel=\"canonical\" href=\"https:\/\/distacstudio.es\/ca\/cancons-per-la-teva-dona\/\" \/>\n<meta property=\"og:locale\" content=\"ca_ES\" \/>\n<meta property=\"og:type\" content=\"article\" \/>\n<meta property=\"og:title\" content=\"Regala una Can\u00e7\u00f3 a la teva Dona | Distac Studio\" \/>\n<meta property=\"og:description\" content=\"La vols, oi? Perqu\u00e8 si ets un artista diga-li amb la teva veu amb una can\u00e7\u00f3! Si \u00e9s a ella a qui li agrada cantar, que ens visiti ella!\" \/>\n<meta property=\"og:url\" content=\"https:\/\/distacstudio.es\/ca\/cancons-per-la-teva-dona\/\" \/>\n<meta property=\"og:site_name\" content=\"Distac Studio\" \/>\n<meta property=\"article:modified_time\" content=\"2023-06-15T10:32:34+00:00\" \/>\n<meta name=\"twitter:card\" content=\"summary_large_image\" \/>\n<meta name=\"twitter:label1\" content=\"Temps estimat de lectura\" \/>\n\t<meta name=\"twitter:data1\" content=\"3 minuts\" \/>\n<script type=\"application\/ld+json\" class=\"yoast-schema-graph\">{\"@context\":\"https:\/\/schema.org\",\"@graph\":[{\"@type\":\"WebPage\",\"@id\":\"https:\/\/distacstudio.es\/ca\/cancons-per-la-teva-dona\/\",\"url\":\"https:\/\/distacstudio.es\/ca\/cancons-per-la-teva-dona\/\",\"name\":\"Regala una Can\u00e7\u00f3 a la teva Dona | Distac Studio\",\"isPartOf\":{\"@id\":\"https:\/\/distacstudio.es\/#website\"},\"primaryImageOfPage\":{\"@id\":\"https:\/\/distacstudio.es\/ca\/cancons-per-la-teva-dona\/#primaryimage\"},\"image\":{\"@id\":\"https:\/\/distacstudio.es\/ca\/cancons-per-la-teva-dona\/#primaryimage\"},\"thumbnailUrl\":\"https:\/\/distacstudio.es\/wp-content\/uploads\/2022\/11\/esposa-feliz.jpg\",\"datePublished\":\"2022-11-21T08:26:47+00:00\",\"dateModified\":\"2023-06-15T10:32:34+00:00\",\"description\":\"La vols, oi? Perqu\u00e8 si ets un artista diga-li amb la teva veu amb una can\u00e7\u00f3! Si \u00e9s a ella a qui li agrada cantar, que ens visiti ella!\",\"breadcrumb\":{\"@id\":\"https:\/\/distacstudio.es\/ca\/cancons-per-la-teva-dona\/#breadcrumb\"},\"inLanguage\":\"ca\",\"potentialAction\":[{\"@type\":\"ReadAction\",\"target\":[\"https:\/\/distacstudio.es\/ca\/cancons-per-la-teva-dona\/\"]}]},{\"@type\":\"ImageObject\",\"inLanguage\":\"ca\",\"@id\":\"https:\/\/distacstudio.es\/ca\/cancons-per-la-teva-dona\/#primaryimage\",\"url\":\"https:\/\/distacstudio.es\/wp-content\/uploads\/2022\/11\/esposa-feliz.jpg\",\"contentUrl\":\"https:\/\/distacstudio.es\/wp-content\/uploads\/2022\/11\/esposa-feliz.jpg\",\"width\":1000,\"height\":667},{\"@type\":\"BreadcrumbList\",\"@id\":\"https:\/\/distacstudio.es\/ca\/cancons-per-la-teva-dona\/#breadcrumb\",\"itemListElement\":[{\"@type\":\"ListItem\",\"position\":1,\"name\":\"Portada\",\"item\":\"https:\/\/distacstudio.es\/ca\/\"},{\"@type\":\"ListItem\",\"position\":2,\"name\":\"Can\u00e7ons per a la teva dona\"}]},{\"@type\":\"WebSite\",\"@id\":\"https:\/\/distacstudio.es\/#website\",\"url\":\"https:\/\/distacstudio.es\/\",\"name\":\"Distac Studio\",\"description\":\"Just another WordPress site\",\"potentialAction\":[{\"@type\":\"SearchAction\",\"target\":{\"@type\":\"EntryPoint\",\"urlTemplate\":\"https:\/\/distacstudio.es\/?s={search_term_string}\"},\"query-input\":{\"@type\":\"PropertyValueSpecification\",\"valueRequired\":true,\"valueName\":\"search_term_string\"}}],\"inLanguage\":\"ca\"}]}<\/script>\n<!-- \/ Yoast SEO plugin. -->","yoast_head_json":{"title":"Regala una Can\u00e7\u00f3 a la teva Dona | Distac Studio","description":"La vols, oi? Perqu\u00e8 si ets un artista diga-li amb la teva veu amb una can\u00e7\u00f3! Si \u00e9s a ella a qui li agrada cantar, que ens visiti ella!","robots":{"index":"index","follow":"follow","max-snippet":"max-snippet:-1","max-image-preview":"max-image-preview:large","max-video-preview":"max-video-preview:-1"},"canonical":"https:\/\/distacstudio.es\/ca\/cancons-per-la-teva-dona\/","og_locale":"ca_ES","og_type":"article","og_title":"Regala una Can\u00e7\u00f3 a la teva Dona | Distac Studio","og_description":"La vols, oi? Perqu\u00e8 si ets un artista diga-li amb la teva veu amb una can\u00e7\u00f3! Si \u00e9s a ella a qui li agrada cantar, que ens visiti ella!","og_url":"https:\/\/distacstudio.es\/ca\/cancons-per-la-teva-dona\/","og_site_name":"Distac Studio","article_modified_time":"2023-06-15T10:32:34+00:00","twitter_card":"summary_large_image","twitter_misc":{"Temps estimat de lectura":"3 minuts"},"schema":{"@context":"https:\/\/schema.org","@graph":[{"@type":"WebPage","@id":"https:\/\/distacstudio.es\/ca\/cancons-per-la-teva-dona\/","url":"https:\/\/distacstudio.es\/ca\/cancons-per-la-teva-dona\/","name":"Regala una Can\u00e7\u00f3 a la teva Dona | Distac Studio","isPartOf":{"@id":"https:\/\/distacstudio.es\/#website"},"primaryImageOfPage":{"@id":"https:\/\/distacstudio.es\/ca\/cancons-per-la-teva-dona\/#primaryimage"},"image":{"@id":"https:\/\/distacstudio.es\/ca\/cancons-per-la-teva-dona\/#primaryimage"},"thumbnailUrl":"https:\/\/distacstudio.es\/wp-content\/uploads\/2022\/11\/esposa-feliz.jpg","datePublished":"2022-11-21T08:26:47+00:00","dateModified":"2023-06-15T10:32:34+00:00","description":"La vols, oi? Perqu\u00e8 si ets un artista diga-li amb la teva veu amb una can\u00e7\u00f3! Si \u00e9s a ella a qui li agrada cantar, que ens visiti ella!","breadcrumb":{"@id":"https:\/\/distacstudio.es\/ca\/cancons-per-la-teva-dona\/#breadcrumb"},"inLanguage":"ca","potentialAction":[{"@type":"ReadAction","target":["https:\/\/distacstudio.es\/ca\/cancons-per-la-teva-dona\/"]}]},{"@type":"ImageObject","inLanguage":"ca","@id":"https:\/\/distacstudio.es\/ca\/cancons-per-la-teva-dona\/#primaryimage","url":"https:\/\/distacstudio.es\/wp-content\/uploads\/2022\/11\/esposa-feliz.jpg","contentUrl":"https:\/\/distacstudio.es\/wp-content\/uploads\/2022\/11\/esposa-feliz.jpg","width":1000,"height":667},{"@type":"BreadcrumbList","@id":"https:\/\/distacstudio.es\/ca\/cancons-per-la-teva-dona\/#breadcrumb","itemListElement":[{"@type":"ListItem","position":1,"name":"Portada","item":"https:\/\/distacstudio.es\/ca\/"},{"@type":"ListItem","position":2,"name":"Can\u00e7ons per a la teva dona"}]},{"@type":"WebSite","@id":"https:\/\/distacstudio.es\/#website","url":"https:\/\/distacstudio.es\/","name":"Distac Studio","description":"Just another WordPress site","potentialAction":[{"@type":"SearchAction","target":{"@type":"EntryPoint","urlTemplate":"https:\/\/distacstudio.es\/?s={search_term_string}"},"query-input":{"@type":"PropertyValueSpecification","valueRequired":true,"valueName":"search_term_string"}}],"inLanguage":"ca"}]}},"_links":{"self":[{"href":"https:\/\/distacstudio.es\/ca\/wp-json\/wp\/v2\/pages\/1099","targetHints":{"allow":["GET"]}}],"collection":[{"href":"https:\/\/distacstudio.es\/ca\/wp-json\/wp\/v2\/pages"}],"about":[{"href":"https:\/\/distacstudio.es\/ca\/wp-json\/wp\/v2\/types\/page"}],"author":[{"embeddable":true,"href":"https:\/\/distacstudio.es\/ca\/wp-json\/wp\/v2\/users\/2"}],"replies":[{"embeddable":true,"href":"https:\/\/distacstudio.es\/ca\/wp-json\/wp\/v2\/comments?post=1099"}],"version-history":[{"count":2,"href":"https:\/\/distacstudio.es\/ca\/wp-json\/wp\/v2\/pages\/1099\/revisions"}],"predecessor-version":[{"id":1101,"href":"https:\/\/distacstudio.es\/ca\/wp-json\/wp\/v2\/pages\/1099\/revisions\/1101"}],"wp:featuredmedia":[{"embeddable":true,"href":"https:\/\/distacstudio.es\/ca\/wp-json\/wp\/v2\/media\/879"}],"wp:attachment":[{"href":"https:\/\/distacstudio.es\/ca\/wp-json\/wp\/v2\/media?parent=1099"}],"curies":[{"name":"wp","href":"https:\/\/api.w.org\/{rel}","templated":true}]}}