{"id":1120,"date":"2022-11-21T07:17:55","date_gmt":"2022-11-21T07:17:55","guid":{"rendered":"https:\/\/distacstudio.es\/canciones-para-tus-hijos\/"},"modified":"2023-06-15T11:29:34","modified_gmt":"2023-06-15T11:29:34","slug":"cancons-per-als-teis-fills","status":"publish","type":"page","link":"https:\/\/distacstudio.es\/ca\/cancons-per-als-teis-fills\/","title":{"rendered":"Can\u00e7ons per als teus fills"},"content":{"rendered":"<div class=\"wpb-content-wrapper\"><section class=\"l-section wpb_row us_custom_97163765 height_medium with_img parallax_ver\"><div class=\"l-section-img\" style=\"background-image: url(https:\/\/distacstudio.es\/wp-content\/uploads\/2022\/11\/familia-feliz.jpg);background-repeat: no-repeat;\" data-img-width=\"1000\" data-img-height=\"667\"><\/div><div class=\"l-section-overlay\" style=\"background:rgba(0,0,0,0.20)\"><\/div><div class=\"l-section-h i-cf\"><div class=\"g-cols vc_row via_grid cols_1 laptops-cols_inherit tablets-cols_inherit mobiles-cols_1 valign_top type_default stacking_default\"><div class=\"wpb_column vc_column_container\"><div class=\"vc_column-inner\"><div class=\"wpb_text_column us_custom_6df4bc3a has_text_color\"><div class=\"wpb_wrapper\"><h1>Can\u00e7ons per als<br \/>\nteus fills<\/h1>\n<\/div><\/div><\/div><\/div><\/div><\/div><\/section><section class=\"l-section wpb_row us_custom_e4eb24e1 height_small\"><div class=\"l-section-h i-cf\"><div class=\"g-cols vc_row via_grid cols_1 laptops-cols_inherit tablets-cols_inherit mobiles-cols_1 valign_top type_default stacking_default\"><div class=\"wpb_column vc_column_container\"><div class=\"vc_column-inner\"><div class=\"wpb_text_column us_custom_432d3f53\"><div class=\"wpb_wrapper\"><p>\u00c9s evident que, per als pares, un fill es mereix el millor. Es mereix el millor regal que pugueu fer-li, alguna cosa que el sorprengui, que li emocioni.\u00a0<span class=\"hiddenGrammarError\">S\u00ed<\/span>\u00a0\u00e9s aficionat a cantar o tocar algun instrument, qualsevol dia \u00e9s bo per a regalar-li una experi\u00e8ncia en un estudi professional, que culmini amb l&#8217;enregistrament d&#8217;un CD personalitzat, on el vostre fill \u00e9s l&#8217;artista. Us lliurarem un &#8220;val regal&#8221; perqu\u00e8 el vostre fill vagi a gravar a\u00a0<span class=\"hiddenSpellError\">DISTAC<\/span>\u00a0<span class=\"hiddenSpellError\">STUDIO<\/span>.<\/p>\n<p>Si sou vosaltres, el pare o la mare, o els dos, els qui sou aficionats a cantar, podeu venir a l&#8217;Estudi i gravar una can\u00e7\u00f3 per a regalar-la-hi al vostre fill. Qualsevol de les dues opcions ser\u00e0 una espectacular i entranyable sorpresa.<\/p>\n<\/div><\/div><div class=\"w-separator size_small with_line width_50 thick_2 style_solid color_secondary align_center\"><div class=\"w-separator-h\"><\/div><\/div><\/div><\/div><\/div><\/div><\/section><section class=\"l-section wpb_row us_custom_e4eb24e1 height_medium\"><div class=\"l-section-h i-cf\"><div class=\"g-cols vc_row via_grid cols_2 laptops-cols_inherit tablets-cols_inherit mobiles-cols_1 valign_middle type_default stacking_default\"><div class=\"wpb_column vc_column_container\"><div class=\"vc_column-inner\"><div class=\"wpb_text_column\"><div class=\"wpb_wrapper\"><h2 style=\"text-align: center;\">Can\u00e7\u00f3 gravada a l&#8217;estudi de gravaci\u00f3<\/h2>\n<p style=\"text-align: center;\">Perqu\u00e8 un dels pares, o els dos, o el vostre fill vingui o vingueu a cantar a l&#8217;Estudi, no fa falta que sigueu cantants. \u00c9s suficient que sigueu aficionats a cantar, no importa ser un professional de la m\u00fasica. El que importa \u00e9s l&#8217;actitud i les ganes de fer un regal original. Quan vingueu a l&#8217;Estudi a cantar, viureu una experi\u00e8ncia inoblidable i divertida. No ha de preocupar-vos si canteu regular, tindreu el suport del nostre equip que us ajudar\u00e0 a preparar i interpretar la can\u00e7\u00f3. Tingueu en compte que treballarem per a optimitzar l&#8217;enregistrament, realitzar ajustos i sincronitzar les notes en perfecta harmonia, per a obtenir el m\u00e0xim rendiment. Segur que us sorprendr\u00e0.<\/p>\n<p>Sempre estem per la labor de fer realitat els vostres prop\u00f2sits. Treballem les millors t\u00e8cniques i oferim un c\u00e0lid i familiar ambient a cantants o aficionats, perqu\u00e8 puguin\u00a0<span class=\"hiddenGreenError\" style=\"padding-bottom: 2px; background-image: url('..\/..\/..\/..\/..\/images\/squiggle_green.png'); background-repeat: repeat-x; background-position: left bottom; cursor: default; color: #000000; font-family: 'Open Sans', Helvetica, Arial, sans-serif; font-size: 16px; font-style: normal; font-variant-ligatures: normal; font-variant-caps: normal; font-weight: 300; letter-spacing: normal; orphans: 2; text-align: start; text-indent: 0px; text-transform: none; white-space: normal; widows: 2; word-spacing: 0px; -webkit-text-stroke-width: 0px; text-decoration-thickness: initial; text-decoration-style: initial; text-decoration-color: initial;\">obtenir<\/span>\u00a0els millors resultats.<br \/>\nQui vingui a gravar, nom\u00e9s ha de preocupar-se d&#8217;assajar i portar ben apresa la can\u00e7\u00f3 que vagi a interpretar. Nosaltres li proporcionarem la base musical i treballarem perqu\u00e8 la seva veu i la m\u00fasica s&#8217;acoblin a la perfecci\u00f3.<\/p>\n<\/div><\/div><\/div><\/div><div class=\"wpb_column vc_column_container us_custom_f8b31f42 has_bg_color\"><div class=\"vc_column-inner\"><\/div><\/div><\/div><\/div><\/section><section class=\"l-section wpb_row us_custom_d12ab336 has_text_color height_medium\"><div class=\"l-section-h i-cf\"><div class=\"g-cols vc_row via_grid cols_2 laptops-cols_inherit tablets-cols_inherit mobiles-cols_1 valign_middle type_default stacking_default\"><div class=\"wpb_column vc_column_container\"><div class=\"vc_column-inner\"><div class=\"w-image align_none\"><div class=\"w-image-h\"><img loading=\"lazy\" decoding=\"async\" width=\"670\" height=\"597\" src=\"https:\/\/distacstudio.es\/wp-content\/uploads\/2022\/11\/cancion-para-hijo.jpg\" class=\"attachment-large size-large\" alt=\"\" srcset=\"https:\/\/distacstudio.es\/wp-content\/uploads\/2022\/11\/cancion-para-hijo.jpg 670w, https:\/\/distacstudio.es\/wp-content\/uploads\/2022\/11\/cancion-para-hijo-300x267.jpg 300w\" sizes=\"auto, (max-width: 670px) 100vw, 670px\" \/><\/div><\/div><\/div><\/div><div class=\"wpb_column vc_column_container\"><div class=\"vc_column-inner\"><div class=\"wpb_text_column\"><div class=\"wpb_wrapper\"><h2 style=\"text-align: center;\">Regala un CD amb la can\u00e7\u00f3<\/h2>\n<p style=\"text-align: center;\">Despr\u00e9s de realitzar l&#8217;enregistrament lliurarem un CD perfectament acabat, com si es tract\u00e9s d&#8217;un cantant o un grup professional. La portada es pot personalitzar amb una dedicat\u00f2ria i amb les imatges que ens aporteu. A l&#8217;interior del CD posarem, tamb\u00e9, algunes imatges de l&#8217;actuaci\u00f3 a l&#8217;Estudi.<\/p>\n<\/div><\/div><\/div><\/div><\/div><\/div><\/section><section class=\"l-section wpb_row us_custom_92d565f4 has_text_color height_medium width_full\"><div class=\"l-section-h i-cf\"><div class=\"g-cols vc_row via_grid cols_1 laptops-cols_inherit tablets-cols_inherit mobiles-cols_1 valign_top type_default stacking_default\"><div class=\"wpb_column vc_column_container\"><div class=\"vc_column-inner\"><section class=\"l-section wpb_row us_custom_34336ff3 height_auto\"><div class=\"l-section-h i-cf\"><div class=\"g-cols vc_row via_grid cols_2 laptops-cols_inherit tablets-cols_inherit mobiles-cols_1 valign_top type_default stacking_default\"><div class=\"wpb_column vc_column_container\"><div class=\"vc_column-inner\"><div class=\"wpb_text_column us_custom_5d8e4760\"><div class=\"wpb_wrapper\"><p><strong>Contacta amb nosaltres<\/strong><\/p>\n<\/div><\/div><div class=\"wpb_text_column us_custom_114fd11e\"><div class=\"wpb_wrapper\"><p>Contacta amb nosaltres omplint aquest formulari i et respondrem el m\u00e9s aviat possible.<\/p>\n<\/div><\/div>\n<div class=\"wpcf7 no-js\" id=\"wpcf7-f1080-o1\" lang=\"es-ES\" dir=\"ltr\" data-wpcf7-id=\"1080\">\n<div class=\"screen-reader-response\"><p role=\"status\" aria-live=\"polite\" aria-atomic=\"true\"><\/p> <ul><\/ul><\/div>\n<form action=\"\/ca\/wp-json\/wp\/v2\/pages\/1120#wpcf7-f1080-o1\" method=\"post\" class=\"wpcf7-form init\" aria-label=\"Formulario de contacto\" novalidate=\"novalidate\" data-status=\"init\">\n<fieldset class=\"hidden-fields-container\"><input type=\"hidden\" name=\"_wpcf7\" value=\"1080\" \/><input type=\"hidden\" name=\"_wpcf7_version\" value=\"6.1.3\" \/><input type=\"hidden\" name=\"_wpcf7_locale\" value=\"es_ES\" \/><input type=\"hidden\" name=\"_wpcf7_unit_tag\" value=\"wpcf7-f1080-o1\" \/><input type=\"hidden\" name=\"_wpcf7_container_post\" value=\"0\" \/><input type=\"hidden\" name=\"_wpcf7_posted_data_hash\" value=\"\" \/><input type=\"hidden\" name=\"_wpcf7_recaptcha_response\" value=\"\" \/>\n<\/fieldset>\n<div id=\"responsive-form\" class=\"clearfix\">\n\t<div class=\"form-row\">\n\t\t<div class=\"column-half\">\n\t\t\t<p><span class=\"wpcf7-form-control-wrap\" data-name=\"first-name\"><input size=\"40\" maxlength=\"400\" class=\"wpcf7-form-control wpcf7-text wpcf7-validates-as-required\" aria-required=\"true\" aria-invalid=\"false\" placeholder=\"Nom*\" value=\"\" type=\"text\" name=\"first-name\" \/><\/span>\n\t\t\t<\/p>\n\t\t<\/div>\n\t\t<div class=\"column-half\">\n\t\t\t<p><span class=\"wpcf7-form-control-wrap\" data-name=\"your-email\"><input size=\"40\" maxlength=\"400\" class=\"wpcf7-form-control wpcf7-email wpcf7-validates-as-required wpcf7-text wpcf7-validates-as-email\" aria-required=\"true\" aria-invalid=\"false\" placeholder=\"Email*\" value=\"\" type=\"email\" name=\"your-email\" \/><\/span>\n\t\t\t<\/p>\n\t\t<\/div>\n\t<\/div>\n\t<div class=\"form-row\">\n\t\t<div class=\"column-half\">\n\t\t\t<p><span class=\"wpcf7-form-control-wrap\" data-name=\"your-phone\"><input size=\"40\" maxlength=\"400\" class=\"wpcf7-form-control wpcf7-text wpcf7-validates-as-required\" aria-required=\"true\" aria-invalid=\"false\" placeholder=\"Tel\u00e8fon*\" value=\"\" type=\"text\" name=\"your-phone\" \/><\/span>\n\t\t\t<\/p>\n\t\t<\/div>\n\t<\/div>\n\t<div class=\"form-row\">\n\t\t<div class=\"column-full\">\n\t\t\t<p><span class=\"wpcf7-form-control-wrap\" data-name=\"asunto\"><input size=\"40\" maxlength=\"400\" class=\"wpcf7-form-control wpcf7-text wpcf7-validates-as-required\" aria-required=\"true\" aria-invalid=\"false\" placeholder=\"Assumpte*\" value=\"\" type=\"text\" name=\"asunto\" \/><\/span>\n\t\t\t<\/p>\n\t\t<\/div>\n\t<\/div>\n\t<div class=\"form-row\">\n\t\t<div class=\"column-full\">\n\t\t\t<p><span class=\"wpcf7-form-control-wrap\" data-name=\"your-message\"><textarea cols=\"40\" rows=\"10\" maxlength=\"2000\" class=\"wpcf7-form-control wpcf7-textarea wpcf7-validates-as-required\" aria-required=\"true\" aria-invalid=\"false\" placeholder=\"Escriu el teu missatge\" name=\"your-message\"><\/textarea><\/span>\n\t\t\t<\/p>\n\t\t<\/div>\n\t<\/div>\n\t<div class=\"form-row\" style=\"margin-left:6px;\">\n\t\t<p class=\"column-full\"><span class=\"wpcf7-form-control-wrap\" data-name=\"acceptance-405\"><span class=\"wpcf7-form-control wpcf7-acceptance\"><span class=\"wpcf7-list-item\"><input type=\"checkbox\" name=\"acceptance-405\" value=\"1\" aria-invalid=\"false\" \/><\/span><\/span><\/span> He llegit i accepto les <a id=\"submit-home\" class=\"link-color\" href=\"#\" rel=\"nofollow\">condicions de privadesa<\/a>.\n\t\t<\/p>\n\t<\/div>\n\t<div class=\"form-row\" style=\"margin-left:6px;\">\n\t\t<p class=\"column-full\"><span class=\"wpcf7-form-control-wrap\" data-name=\"acceptance-432\"><span class=\"wpcf7-form-control wpcf7-acceptance optional\"><span class=\"wpcf7-list-item\"><input type=\"checkbox\" name=\"acceptance-432\" value=\"1\" aria-invalid=\"false\" \/><\/span><\/span><\/span> Accepto rebre comunicacions de m\u00e0rqueting.\n\t\t<\/p>\n\t<\/div>\n\t<div class=\"form-row\">\n\t\t<div class=\"column-full\">\n\t\t\t<p><input class=\"wpcf7-form-control wpcf7-submit has-spinner\" type=\"submit\" value=\"Enviar\" \/>\n\t\t\t<\/p>\n\t\t<\/div>\n\t<\/div>\n<\/div><div class=\"wpcf7-response-output\" aria-hidden=\"true\"><\/div>\n<\/form>\n<\/div>\n<\/div><\/div><div class=\"wpb_column vc_column_container us_custom_eb849559\"><div class=\"vc_column-inner\"><div class=\"wpb_text_column us_custom_5d8e4760\"><div class=\"wpb_wrapper\"><p><strong>On som<\/strong><\/p>\n<\/div><\/div><div class=\"w-iconbox us_custom_8d5aa4e2 iconpos_left style_circle color_secondary align_left no_title\"><div class=\"w-iconbox-icon\" style=\"font-size:0.85rem;\"><i class=\"fas fa-map\"><\/i><\/div><div class=\"w-iconbox-meta\"><div class=\"w-iconbox-text\"><p>Carrer del Bergued\u00e0, 23, local 3, 08029 Barcelona<\/p>\n<\/div><\/div><\/div><div class=\"w-image align_none\"><div class=\"w-image-h\"><img loading=\"lazy\" decoding=\"async\" width=\"531\" height=\"268\" src=\"https:\/\/distacstudio.es\/wp-content\/uploads\/2022\/11\/minimapa-distac.jpg\" class=\"attachment-full size-full\" alt=\"\" srcset=\"https:\/\/distacstudio.es\/wp-content\/uploads\/2022\/11\/minimapa-distac.jpg 531w, https:\/\/distacstudio.es\/wp-content\/uploads\/2022\/11\/minimapa-distac-300x151.jpg 300w\" sizes=\"auto, (max-width: 531px) 100vw, 531px\" \/><\/div><\/div><div class=\"w-iconbox us_custom_4fd89a8b iconpos_left style_circle color_secondary align_left no_title\"><div class=\"w-iconbox-icon\" style=\"font-size:0.85rem;\"><i class=\"fas fa-phone\"><\/i><\/div><div class=\"w-iconbox-meta\"><div class=\"w-iconbox-text\"><p><strong>93 853 85 78\u00a0\/\u00a0687 36 39 54<\/strong><\/p>\n<\/div><\/div><\/div><div class=\"w-iconbox us_custom_3090c82c iconpos_left style_circle color_secondary align_left no_title\"><div class=\"w-iconbox-icon\" style=\"font-size:0.85rem;\"><i class=\"fas fa-envelope\"><\/i><\/div><div class=\"w-iconbox-meta\"><div class=\"w-iconbox-text\"><p>Email info@distacstudio.es<\/p>\n<\/div><\/div><\/div><div class=\"wpb_text_column us_custom_5d8e4760\"><div class=\"wpb_wrapper\"><p><strong>Horari:<\/strong><\/p>\n<\/div><\/div><div class=\"w-iconbox us_custom_3090c82c iconpos_left style_circle color_secondary align_left no_title\"><div class=\"w-iconbox-icon\" style=\"font-size:0.85rem;\"><i class=\"fas fa-clock\"><\/i><\/div><div class=\"w-iconbox-meta\"><div class=\"w-iconbox-text\"><p>Lunes &#8211; Viernes: 9h &#8211; 20h<\/p>\n<\/div><\/div><\/div><div class=\"wpb_text_column us_custom_5d8e4760\"><div class=\"wpb_wrapper\"><p><strong>Xarxes Socials:<\/strong><\/p>\n<\/div><\/div><div class=\"w-socials us_custom_d6c5e054 color_brand shape_square style_colored hover_slide\" style=\"--gap:0.2em;\"><div class=\"w-socials-list\"><div class=\"w-socials-item facebook\"><a class=\"w-socials-item-link\" href=\"https:\/\/www.facebook.com\/distacstudio\" target=\"_blank\" rel=\"noopener nofollow\" title=\"Facebook\" aria-label=\"Facebook\"><span class=\"w-socials-item-link-hover\"><\/span><i class=\"fab fa-facebook\"><\/i><\/a><div class=\"w-socials-item-popup\"><span>Facebook<\/span><\/div><\/div><div class=\"w-socials-item instagram\"><a class=\"w-socials-item-link\" href=\"http:\/\/www.instagram.com\/distac_studio\" target=\"_blank\" rel=\"noopener nofollow\" title=\"Instagram\" aria-label=\"Instagram\"><span class=\"w-socials-item-link-hover\"><\/span><i class=\"fab fa-instagram\"><\/i><\/a><div class=\"w-socials-item-popup\"><span>Instagram<\/span><\/div><\/div><\/div><\/div><\/div><\/div><\/div><\/div><\/section>\n<\/div><\/div><\/div><\/div><\/section>\n<\/div>","protected":false},"excerpt":{"rendered":"Can\u00e7ons per als teus fills \u00c9s evident que, per als pares, un fill es mereix el millor. Es mereix el millor regal que pugueu fer-li, alguna cosa que el sorprengui, que li emocioni.\u00a0S\u00ed\u00a0\u00e9s aficionat a cantar o tocar algun instrument, qualsevol dia \u00e9s bo per a regalar-li una experi\u00e8ncia en un estudi professional, que culmini...","protected":false},"author":2,"featured_media":868,"parent":0,"menu_order":0,"comment_status":"closed","ping_status":"closed","template":"","meta":{"cybocfi_hide_featured_image":"","footnotes":""},"class_list":["post-1120","page","type-page","status-publish","has-post-thumbnail","hentry"],"yoast_head":"<!-- This site is optimized with the Yoast SEO plugin v27.2 - https:\/\/yoast.com\/product\/yoast-seo-wordpress\/ -->\n<title>Can\u00e7ons per als teus fills | Distac Studio<\/title>\n<meta name=\"description\" content=\"\u00c9s evident que, per als pares, un fill es mereix el millor. Es mereix el millor regal que pugueu fer-li. Veniu a Distac Studio a gravar!\" \/>\n<meta name=\"robots\" content=\"index, follow, max-snippet:-1, max-image-preview:large, max-video-preview:-1\" \/>\n<link rel=\"canonical\" href=\"https:\/\/distacstudio.es\/ca\/cancons-per-als-teis-fills\/\" \/>\n<meta property=\"og:locale\" content=\"ca_ES\" \/>\n<meta property=\"og:type\" content=\"article\" \/>\n<meta property=\"og:title\" content=\"Can\u00e7ons per als teus fills | Distac Studio\" \/>\n<meta property=\"og:description\" content=\"\u00c9s evident que, per als pares, un fill es mereix el millor. Es mereix el millor regal que pugueu fer-li. Veniu a Distac Studio a gravar!\" \/>\n<meta property=\"og:url\" content=\"https:\/\/distacstudio.es\/ca\/cancons-per-als-teis-fills\/\" \/>\n<meta property=\"og:site_name\" content=\"Distac Studio\" \/>\n<meta property=\"article:modified_time\" content=\"2023-06-15T11:29:34+00:00\" \/>\n<meta name=\"twitter:card\" content=\"summary_large_image\" \/>\n<meta name=\"twitter:label1\" content=\"Temps estimat de lectura\" \/>\n\t<meta name=\"twitter:data1\" content=\"3 minuts\" \/>\n<script type=\"application\/ld+json\" class=\"yoast-schema-graph\">{\"@context\":\"https:\/\/schema.org\",\"@graph\":[{\"@type\":\"WebPage\",\"@id\":\"https:\/\/distacstudio.es\/ca\/cancons-per-als-teis-fills\/\",\"url\":\"https:\/\/distacstudio.es\/ca\/cancons-per-als-teis-fills\/\",\"name\":\"Can\u00e7ons per als teus fills | Distac Studio\",\"isPartOf\":{\"@id\":\"https:\/\/distacstudio.es\/#website\"},\"primaryImageOfPage\":{\"@id\":\"https:\/\/distacstudio.es\/ca\/cancons-per-als-teis-fills\/#primaryimage\"},\"image\":{\"@id\":\"https:\/\/distacstudio.es\/ca\/cancons-per-als-teis-fills\/#primaryimage\"},\"thumbnailUrl\":\"https:\/\/distacstudio.es\/wp-content\/uploads\/2022\/11\/familia-feliz.jpg\",\"datePublished\":\"2022-11-21T07:17:55+00:00\",\"dateModified\":\"2023-06-15T11:29:34+00:00\",\"description\":\"\u00c9s evident que, per als pares, un fill es mereix el millor. Es mereix el millor regal que pugueu fer-li. Veniu a Distac Studio a gravar!\",\"breadcrumb\":{\"@id\":\"https:\/\/distacstudio.es\/ca\/cancons-per-als-teis-fills\/#breadcrumb\"},\"inLanguage\":\"ca\",\"potentialAction\":[{\"@type\":\"ReadAction\",\"target\":[\"https:\/\/distacstudio.es\/ca\/cancons-per-als-teis-fills\/\"]}]},{\"@type\":\"ImageObject\",\"inLanguage\":\"ca\",\"@id\":\"https:\/\/distacstudio.es\/ca\/cancons-per-als-teis-fills\/#primaryimage\",\"url\":\"https:\/\/distacstudio.es\/wp-content\/uploads\/2022\/11\/familia-feliz.jpg\",\"contentUrl\":\"https:\/\/distacstudio.es\/wp-content\/uploads\/2022\/11\/familia-feliz.jpg\",\"width\":1000,\"height\":667},{\"@type\":\"BreadcrumbList\",\"@id\":\"https:\/\/distacstudio.es\/ca\/cancons-per-als-teis-fills\/#breadcrumb\",\"itemListElement\":[{\"@type\":\"ListItem\",\"position\":1,\"name\":\"Portada\",\"item\":\"https:\/\/distacstudio.es\/ca\/\"},{\"@type\":\"ListItem\",\"position\":2,\"name\":\"Can\u00e7ons per als teus fills\"}]},{\"@type\":\"WebSite\",\"@id\":\"https:\/\/distacstudio.es\/#website\",\"url\":\"https:\/\/distacstudio.es\/\",\"name\":\"Distac Studio\",\"description\":\"Just another WordPress site\",\"potentialAction\":[{\"@type\":\"SearchAction\",\"target\":{\"@type\":\"EntryPoint\",\"urlTemplate\":\"https:\/\/distacstudio.es\/?s={search_term_string}\"},\"query-input\":{\"@type\":\"PropertyValueSpecification\",\"valueRequired\":true,\"valueName\":\"search_term_string\"}}],\"inLanguage\":\"ca\"}]}<\/script>\n<!-- \/ Yoast SEO plugin. -->","yoast_head_json":{"title":"Can\u00e7ons per als teus fills | Distac Studio","description":"\u00c9s evident que, per als pares, un fill es mereix el millor. Es mereix el millor regal que pugueu fer-li. Veniu a Distac Studio a gravar!","robots":{"index":"index","follow":"follow","max-snippet":"max-snippet:-1","max-image-preview":"max-image-preview:large","max-video-preview":"max-video-preview:-1"},"canonical":"https:\/\/distacstudio.es\/ca\/cancons-per-als-teis-fills\/","og_locale":"ca_ES","og_type":"article","og_title":"Can\u00e7ons per als teus fills | Distac Studio","og_description":"\u00c9s evident que, per als pares, un fill es mereix el millor. Es mereix el millor regal que pugueu fer-li. Veniu a Distac Studio a gravar!","og_url":"https:\/\/distacstudio.es\/ca\/cancons-per-als-teis-fills\/","og_site_name":"Distac Studio","article_modified_time":"2023-06-15T11:29:34+00:00","twitter_card":"summary_large_image","twitter_misc":{"Temps estimat de lectura":"3 minuts"},"schema":{"@context":"https:\/\/schema.org","@graph":[{"@type":"WebPage","@id":"https:\/\/distacstudio.es\/ca\/cancons-per-als-teis-fills\/","url":"https:\/\/distacstudio.es\/ca\/cancons-per-als-teis-fills\/","name":"Can\u00e7ons per als teus fills | Distac Studio","isPartOf":{"@id":"https:\/\/distacstudio.es\/#website"},"primaryImageOfPage":{"@id":"https:\/\/distacstudio.es\/ca\/cancons-per-als-teis-fills\/#primaryimage"},"image":{"@id":"https:\/\/distacstudio.es\/ca\/cancons-per-als-teis-fills\/#primaryimage"},"thumbnailUrl":"https:\/\/distacstudio.es\/wp-content\/uploads\/2022\/11\/familia-feliz.jpg","datePublished":"2022-11-21T07:17:55+00:00","dateModified":"2023-06-15T11:29:34+00:00","description":"\u00c9s evident que, per als pares, un fill es mereix el millor. Es mereix el millor regal que pugueu fer-li. Veniu a Distac Studio a gravar!","breadcrumb":{"@id":"https:\/\/distacstudio.es\/ca\/cancons-per-als-teis-fills\/#breadcrumb"},"inLanguage":"ca","potentialAction":[{"@type":"ReadAction","target":["https:\/\/distacstudio.es\/ca\/cancons-per-als-teis-fills\/"]}]},{"@type":"ImageObject","inLanguage":"ca","@id":"https:\/\/distacstudio.es\/ca\/cancons-per-als-teis-fills\/#primaryimage","url":"https:\/\/distacstudio.es\/wp-content\/uploads\/2022\/11\/familia-feliz.jpg","contentUrl":"https:\/\/distacstudio.es\/wp-content\/uploads\/2022\/11\/familia-feliz.jpg","width":1000,"height":667},{"@type":"BreadcrumbList","@id":"https:\/\/distacstudio.es\/ca\/cancons-per-als-teis-fills\/#breadcrumb","itemListElement":[{"@type":"ListItem","position":1,"name":"Portada","item":"https:\/\/distacstudio.es\/ca\/"},{"@type":"ListItem","position":2,"name":"Can\u00e7ons per als teus fills"}]},{"@type":"WebSite","@id":"https:\/\/distacstudio.es\/#website","url":"https:\/\/distacstudio.es\/","name":"Distac Studio","description":"Just another WordPress site","potentialAction":[{"@type":"SearchAction","target":{"@type":"EntryPoint","urlTemplate":"https:\/\/distacstudio.es\/?s={search_term_string}"},"query-input":{"@type":"PropertyValueSpecification","valueRequired":true,"valueName":"search_term_string"}}],"inLanguage":"ca"}]}},"_links":{"self":[{"href":"https:\/\/distacstudio.es\/ca\/wp-json\/wp\/v2\/pages\/1120","targetHints":{"allow":["GET"]}}],"collection":[{"href":"https:\/\/distacstudio.es\/ca\/wp-json\/wp\/v2\/pages"}],"about":[{"href":"https:\/\/distacstudio.es\/ca\/wp-json\/wp\/v2\/types\/page"}],"author":[{"embeddable":true,"href":"https:\/\/distacstudio.es\/ca\/wp-json\/wp\/v2\/users\/2"}],"replies":[{"embeddable":true,"href":"https:\/\/distacstudio.es\/ca\/wp-json\/wp\/v2\/comments?post=1120"}],"version-history":[{"count":2,"href":"https:\/\/distacstudio.es\/ca\/wp-json\/wp\/v2\/pages\/1120\/revisions"}],"predecessor-version":[{"id":1130,"href":"https:\/\/distacstudio.es\/ca\/wp-json\/wp\/v2\/pages\/1120\/revisions\/1130"}],"wp:featuredmedia":[{"embeddable":true,"href":"https:\/\/distacstudio.es\/ca\/wp-json\/wp\/v2\/media\/868"}],"wp:attachment":[{"href":"https:\/\/distacstudio.es\/ca\/wp-json\/wp\/v2\/media?parent=1120"}],"curies":[{"name":"wp","href":"https:\/\/api.w.org\/{rel}","templated":true}]}}