{"id":1156,"date":"2023-01-17T11:07:32","date_gmt":"2023-01-17T11:07:32","guid":{"rendered":"https:\/\/distacstudio.es\/canciones-para-el-dia-del-padre\/"},"modified":"2023-06-16T07:36:22","modified_gmt":"2023-06-16T07:36:22","slug":"cancons-per-al-dia-del-pare","status":"publish","type":"page","link":"https:\/\/distacstudio.es\/ca\/cancons-per-al-dia-del-pare\/","title":{"rendered":"Can\u00e7ons per al dia del pare"},"content":{"rendered":"<div class=\"wpb-content-wrapper\"><section class=\"l-section wpb_row us_custom_97163765 height_medium with_img parallax_ver\"><div class=\"l-section-img\" style=\"background-image: url(https:\/\/distacstudio.es\/wp-content\/uploads\/2023\/01\/padre-con-familia-feliz.jpg);background-repeat: no-repeat;\" data-img-width=\"1500\" data-img-height=\"1000\"><\/div><div class=\"l-section-overlay\" style=\"background:rgba(0,0,0,0.20)\"><\/div><div class=\"l-section-h i-cf\"><div class=\"g-cols vc_row via_grid cols_1 laptops-cols_inherit tablets-cols_inherit mobiles-cols_1 valign_top type_default stacking_default\"><div class=\"wpb_column vc_column_container\"><div class=\"vc_column-inner\"><div class=\"wpb_text_column us_custom_6df4bc3a has_text_color\"><div class=\"wpb_wrapper\"><h1>Can\u00e7ons per al<br \/>\ndia del pare<\/h1>\n<\/div><\/div><\/div><\/div><\/div><\/div><\/section><section class=\"l-section wpb_row us_custom_e4eb24e1 height_small\"><div class=\"l-section-h i-cf\"><div class=\"g-cols vc_row via_grid cols_1 laptops-cols_inherit tablets-cols_inherit mobiles-cols_1 valign_top type_default stacking_default\"><div class=\"wpb_column vc_column_container\"><div class=\"vc_column-inner\"><div class=\"wpb_text_column us_custom_432d3f53\"><div class=\"wpb_wrapper\"><p>El 19 de mar\u00e7 \u00e9s un dia assenyalat per a homenatjar el nostre pare, b\u00e9 amb un regal, amb un menjar familiar, una videotrucada, etc. A tots els pares els agrada rebre i sentir l&#8217;afecte de la seva fam\u00edlia. No hi ha dia millor que el <strong>dia del pare<\/strong> per a recordar-li tot el que l&#8217;estimem.<\/p>\n<p>Ara li pots recordar donant-li una entranyable i emotiva sorpresa. Li pots fer un regal que no s&#8217;espera. Regala-li un CD gravat per tu en un estudi de m\u00fasica professional, que contingui can\u00e7ons interpretades per tu, amb un emotiu i afectu\u00f3s missatge que li faci emocionar.<\/p>\n<\/div><\/div><div class=\"w-separator size_small with_line width_50 thick_2 style_solid color_secondary align_center\"><div class=\"w-separator-h\"><\/div><\/div><\/div><\/div><\/div><\/div><\/section><section class=\"l-section wpb_row us_custom_e4eb24e1 height_medium\"><div class=\"l-section-h i-cf\"><div class=\"g-cols vc_row via_grid cols_2 laptops-cols_inherit tablets-cols_inherit mobiles-cols_1 valign_top type_default stacking_default\"><div class=\"wpb_column vc_column_container\"><div class=\"vc_column-inner\"><div class=\"wpb_text_column us_custom_432d3f53\"><div class=\"wpb_wrapper\"><h2>Un regal original<\/h2>\n<p>Si t\u2019agrada cantar i vols fer-li un regal original a la teva mare en un dia tan assenyalat, dona-li una bonica sorpresa! Regala-li un CD gravat per tu en un estudi de m\u00fasica professional.<\/p>\n<p>No et preocupis si cantes regular. No fa falta que siguis un professional de la m\u00fasica per venir a cantar. Tu sol o amb altres membres de la fam\u00edlia. Podeu gravar un CD amb diverses can\u00e7ons.<\/p>\n<p>Viur\u00e0s o viureu una experi\u00e8ncia inoblidable i divertida, acompanyats del nostre equip, que us ajudar\u00e0 a interpretar les can\u00e7ons perqu\u00e8 pugueu obtenir el m\u00e0xim resultat. Tenim una dilatada experi\u00e8ncia en el tractament del so i la satisfacci\u00f3 de fer el que ens agrada. Gaudim amb la nostra feina.<\/p>\n<\/div><\/div><\/div><\/div><div class=\"wpb_column vc_column_container us_custom_5039bfb7 has_bg_color\"><div class=\"vc_column-inner\"><\/div><\/div><\/div><\/div><\/section><section class=\"l-section wpb_row us_custom_d12ab336 has_text_color height_medium\"><div class=\"l-section-h i-cf\"><div class=\"g-cols vc_row via_grid cols_2 laptops-cols_inherit tablets-cols_inherit mobiles-cols_1 valign_top type_default stacking_default\"><div class=\"wpb_column vc_column_container us_custom_973b511c has_bg_color\"><div class=\"vc_column-inner\"><\/div><\/div><div class=\"wpb_column vc_column_container\"><div class=\"vc_column-inner\"><div class=\"wpb_text_column us_custom_432d3f53\"><div class=\"wpb_wrapper\"><h2>Enregistrament en CD<\/h2>\n<p>Rebreu un CD personalitzat per a regalar-l\u2019hi a la vostra mare. Es tracta d\u2019un CD professional, com si ho compr\u00e9ssiu en una botiga de m\u00fasica, per\u00f2 amb les vostres can\u00e7ons. Quina mare no s\u2019emociona, si rep, en un dia tan assenyalat, un CD amb can\u00e7ons interpretades pels seus \u00e9ssers estimats? El CD es pot personalitzar amb un emotiu missatge i les imatges de l\u2019enregistrament.<\/p>\n<h2>Val regal<\/h2>\n<p>Si \u00e9s a la teva mare a qui li agrada cantar, tamb\u00e9 li pots regalar una sessi\u00f3 d\u2019enregistrament a DISTAC. Aquesta \u00e9s la teva oportunitat per a fer un regal inoblidable a aquesta persona que significa tant per a tu. Viur\u00e0 l\u2019experi\u00e8ncia de gravar en un estudi professional. T\u2019enviarem un<strong> val regal<\/strong> personalitzat perqu\u00e8 tu mateix li donis. Despr\u00e9s de la sessi\u00f3, tamb\u00e9 rebr\u00e0 un CD amb les seves imatges a l\u2019Estudi.<\/p>\n<\/div><\/div><\/div><\/div><\/div><\/div><\/section><section class=\"l-section wpb_row us_custom_92d565f4 has_text_color height_medium width_full\"><div class=\"l-section-h i-cf\"><div class=\"g-cols vc_row via_grid cols_1 laptops-cols_inherit tablets-cols_inherit mobiles-cols_1 valign_top type_default stacking_default\"><div class=\"wpb_column vc_column_container\"><div class=\"vc_column-inner\"><section class=\"l-section wpb_row us_custom_34336ff3 height_auto\"><div class=\"l-section-h i-cf\"><div class=\"g-cols vc_row via_grid cols_2 laptops-cols_inherit tablets-cols_inherit mobiles-cols_1 valign_top type_default stacking_default\"><div class=\"wpb_column vc_column_container\"><div class=\"vc_column-inner\"><div class=\"wpb_text_column us_custom_5d8e4760\"><div class=\"wpb_wrapper\"><p><strong>Contacta amb nosaltres<\/strong><\/p>\n<\/div><\/div><div class=\"wpb_text_column us_custom_114fd11e\"><div class=\"wpb_wrapper\"><p>Contacta amb nosaltres omplint aquest formulari i et respondrem el m\u00e9s aviat possible.<\/p>\n<\/div><\/div>\n<div class=\"wpcf7 no-js\" id=\"wpcf7-f1080-o1\" lang=\"es-ES\" dir=\"ltr\" data-wpcf7-id=\"1080\">\n<div class=\"screen-reader-response\"><p role=\"status\" aria-live=\"polite\" aria-atomic=\"true\"><\/p> <ul><\/ul><\/div>\n<form action=\"\/ca\/wp-json\/wp\/v2\/pages\/1156#wpcf7-f1080-o1\" method=\"post\" class=\"wpcf7-form init\" aria-label=\"Formulario de contacto\" novalidate=\"novalidate\" data-status=\"init\">\n<fieldset class=\"hidden-fields-container\"><input type=\"hidden\" name=\"_wpcf7\" value=\"1080\" \/><input type=\"hidden\" name=\"_wpcf7_version\" value=\"6.1.3\" \/><input type=\"hidden\" name=\"_wpcf7_locale\" value=\"es_ES\" \/><input type=\"hidden\" name=\"_wpcf7_unit_tag\" value=\"wpcf7-f1080-o1\" \/><input type=\"hidden\" name=\"_wpcf7_container_post\" value=\"0\" \/><input type=\"hidden\" name=\"_wpcf7_posted_data_hash\" value=\"\" \/><input type=\"hidden\" name=\"_wpcf7_recaptcha_response\" value=\"\" \/>\n<\/fieldset>\n<div id=\"responsive-form\" class=\"clearfix\">\n\t<div class=\"form-row\">\n\t\t<div class=\"column-half\">\n\t\t\t<p><span class=\"wpcf7-form-control-wrap\" data-name=\"first-name\"><input size=\"40\" maxlength=\"400\" class=\"wpcf7-form-control wpcf7-text wpcf7-validates-as-required\" aria-required=\"true\" aria-invalid=\"false\" placeholder=\"Nom*\" value=\"\" type=\"text\" name=\"first-name\" \/><\/span>\n\t\t\t<\/p>\n\t\t<\/div>\n\t\t<div class=\"column-half\">\n\t\t\t<p><span class=\"wpcf7-form-control-wrap\" data-name=\"your-email\"><input size=\"40\" maxlength=\"400\" class=\"wpcf7-form-control wpcf7-email wpcf7-validates-as-required wpcf7-text wpcf7-validates-as-email\" aria-required=\"true\" aria-invalid=\"false\" placeholder=\"Email*\" value=\"\" type=\"email\" name=\"your-email\" \/><\/span>\n\t\t\t<\/p>\n\t\t<\/div>\n\t<\/div>\n\t<div class=\"form-row\">\n\t\t<div class=\"column-half\">\n\t\t\t<p><span class=\"wpcf7-form-control-wrap\" data-name=\"your-phone\"><input size=\"40\" maxlength=\"400\" class=\"wpcf7-form-control wpcf7-text wpcf7-validates-as-required\" aria-required=\"true\" aria-invalid=\"false\" placeholder=\"Tel\u00e8fon*\" value=\"\" type=\"text\" name=\"your-phone\" \/><\/span>\n\t\t\t<\/p>\n\t\t<\/div>\n\t<\/div>\n\t<div class=\"form-row\">\n\t\t<div class=\"column-full\">\n\t\t\t<p><span class=\"wpcf7-form-control-wrap\" data-name=\"asunto\"><input size=\"40\" maxlength=\"400\" class=\"wpcf7-form-control wpcf7-text wpcf7-validates-as-required\" aria-required=\"true\" aria-invalid=\"false\" placeholder=\"Assumpte*\" value=\"\" type=\"text\" name=\"asunto\" \/><\/span>\n\t\t\t<\/p>\n\t\t<\/div>\n\t<\/div>\n\t<div class=\"form-row\">\n\t\t<div class=\"column-full\">\n\t\t\t<p><span class=\"wpcf7-form-control-wrap\" data-name=\"your-message\"><textarea cols=\"40\" rows=\"10\" maxlength=\"2000\" class=\"wpcf7-form-control wpcf7-textarea wpcf7-validates-as-required\" aria-required=\"true\" aria-invalid=\"false\" placeholder=\"Escriu el teu missatge\" name=\"your-message\"><\/textarea><\/span>\n\t\t\t<\/p>\n\t\t<\/div>\n\t<\/div>\n\t<div class=\"form-row\" style=\"margin-left:6px;\">\n\t\t<p class=\"column-full\"><span class=\"wpcf7-form-control-wrap\" data-name=\"acceptance-405\"><span class=\"wpcf7-form-control wpcf7-acceptance\"><span class=\"wpcf7-list-item\"><input type=\"checkbox\" name=\"acceptance-405\" value=\"1\" aria-invalid=\"false\" \/><\/span><\/span><\/span> He llegit i accepto les <a id=\"submit-home\" class=\"link-color\" href=\"#\" rel=\"nofollow\">condicions de privadesa<\/a>.\n\t\t<\/p>\n\t<\/div>\n\t<div class=\"form-row\" style=\"margin-left:6px;\">\n\t\t<p class=\"column-full\"><span class=\"wpcf7-form-control-wrap\" data-name=\"acceptance-432\"><span class=\"wpcf7-form-control wpcf7-acceptance optional\"><span class=\"wpcf7-list-item\"><input type=\"checkbox\" name=\"acceptance-432\" value=\"1\" aria-invalid=\"false\" \/><\/span><\/span><\/span> Accepto rebre comunicacions de m\u00e0rqueting.\n\t\t<\/p>\n\t<\/div>\n\t<div class=\"form-row\">\n\t\t<div class=\"column-full\">\n\t\t\t<p><input class=\"wpcf7-form-control wpcf7-submit has-spinner\" type=\"submit\" value=\"Enviar\" \/>\n\t\t\t<\/p>\n\t\t<\/div>\n\t<\/div>\n<\/div><div class=\"wpcf7-response-output\" aria-hidden=\"true\"><\/div>\n<\/form>\n<\/div>\n<\/div><\/div><div class=\"wpb_column vc_column_container us_custom_eb849559\"><div class=\"vc_column-inner\"><div class=\"wpb_text_column us_custom_5d8e4760\"><div class=\"wpb_wrapper\"><p><strong>On som<\/strong><\/p>\n<\/div><\/div><div class=\"w-iconbox us_custom_8d5aa4e2 iconpos_left style_circle color_secondary align_left no_title\"><div class=\"w-iconbox-icon\" style=\"font-size:0.85rem;\"><i class=\"fas fa-map\"><\/i><\/div><div class=\"w-iconbox-meta\"><div class=\"w-iconbox-text\"><p>Carrer del Bergued\u00e0, 23, local 3, 08029 Barcelona<\/p>\n<\/div><\/div><\/div><div class=\"w-image align_none\"><div class=\"w-image-h\"><img loading=\"lazy\" decoding=\"async\" width=\"531\" height=\"268\" src=\"https:\/\/distacstudio.es\/wp-content\/uploads\/2022\/11\/minimapa-distac.jpg\" class=\"attachment-full size-full\" alt=\"\" srcset=\"https:\/\/distacstudio.es\/wp-content\/uploads\/2022\/11\/minimapa-distac.jpg 531w, https:\/\/distacstudio.es\/wp-content\/uploads\/2022\/11\/minimapa-distac-300x151.jpg 300w\" sizes=\"auto, (max-width: 531px) 100vw, 531px\" \/><\/div><\/div><div class=\"w-iconbox us_custom_4fd89a8b iconpos_left style_circle color_secondary align_left no_title\"><div class=\"w-iconbox-icon\" style=\"font-size:0.85rem;\"><i class=\"fas fa-phone\"><\/i><\/div><div class=\"w-iconbox-meta\"><div class=\"w-iconbox-text\"><p><strong>93 853 85 78\u00a0\/\u00a0687 36 39 54<\/strong><\/p>\n<\/div><\/div><\/div><div class=\"w-iconbox us_custom_3090c82c iconpos_left style_circle color_secondary align_left no_title\"><div class=\"w-iconbox-icon\" style=\"font-size:0.85rem;\"><i class=\"fas fa-envelope\"><\/i><\/div><div class=\"w-iconbox-meta\"><div class=\"w-iconbox-text\"><p>Email info@distacstudio.es<\/p>\n<\/div><\/div><\/div><div class=\"wpb_text_column us_custom_5d8e4760\"><div class=\"wpb_wrapper\"><p><strong>Horari:<\/strong><\/p>\n<\/div><\/div><div class=\"w-iconbox us_custom_3090c82c iconpos_left style_circle color_secondary align_left no_title\"><div class=\"w-iconbox-icon\" style=\"font-size:0.85rem;\"><i class=\"fas fa-clock\"><\/i><\/div><div class=\"w-iconbox-meta\"><div class=\"w-iconbox-text\"><p>Lunes &#8211; Viernes: 9h &#8211; 20h<\/p>\n<\/div><\/div><\/div><div class=\"wpb_text_column us_custom_5d8e4760\"><div class=\"wpb_wrapper\"><p><strong>Xarxes Socials:<\/strong><\/p>\n<\/div><\/div><div class=\"w-socials us_custom_d6c5e054 color_brand shape_square style_colored hover_slide\" style=\"--gap:0.2em;\"><div class=\"w-socials-list\"><div class=\"w-socials-item facebook\"><a class=\"w-socials-item-link\" href=\"https:\/\/www.facebook.com\/distacstudio\" target=\"_blank\" rel=\"noopener nofollow\" title=\"Facebook\" aria-label=\"Facebook\"><span class=\"w-socials-item-link-hover\"><\/span><i class=\"fab fa-facebook\"><\/i><\/a><div class=\"w-socials-item-popup\"><span>Facebook<\/span><\/div><\/div><div class=\"w-socials-item instagram\"><a class=\"w-socials-item-link\" href=\"http:\/\/www.instagram.com\/distac_studio\" target=\"_blank\" rel=\"noopener nofollow\" title=\"Instagram\" aria-label=\"Instagram\"><span class=\"w-socials-item-link-hover\"><\/span><i class=\"fab fa-instagram\"><\/i><\/a><div class=\"w-socials-item-popup\"><span>Instagram<\/span><\/div><\/div><\/div><\/div><\/div><\/div><\/div><\/div><\/section>\n<\/div><\/div><\/div><\/div><\/section>\n<\/div>","protected":false},"excerpt":{"rendered":"Can\u00e7ons per al dia del pare El 19 de mar\u00e7 \u00e9s un dia assenyalat per a homenatjar el nostre pare, b\u00e9 amb un regal, amb un menjar familiar, una videotrucada, etc. A tots els pares els agrada rebre i sentir l&#8217;afecte de la seva fam\u00edlia. No hi ha dia millor que el dia del pare...","protected":false},"author":2,"featured_media":981,"parent":0,"menu_order":0,"comment_status":"closed","ping_status":"closed","template":"","meta":{"cybocfi_hide_featured_image":"","footnotes":""},"class_list":["post-1156","page","type-page","status-publish","has-post-thumbnail","hentry"],"yoast_head":"<!-- This site is optimized with the Yoast SEO plugin v27.2 - https:\/\/yoast.com\/product\/yoast-seo-wordpress\/ -->\n<title>Regalar Can\u00e7ons per al dia del pare | Distac Studio<\/title>\n<meta name=\"description\" content=\"Qui no estima als seus pares? Perqu\u00e8 si vols demostrar-li el teu afecte i amor, regala-li l&#039;experi\u00e8ncia de venir a un estudi de gravaci\u00f3! Vine a Distac!\" \/>\n<meta name=\"robots\" content=\"index, follow, max-snippet:-1, max-image-preview:large, max-video-preview:-1\" \/>\n<link rel=\"canonical\" href=\"https:\/\/distacstudio.es\/ca\/cancons-per-al-dia-del-pare\/\" \/>\n<meta property=\"og:locale\" content=\"ca_ES\" \/>\n<meta property=\"og:type\" content=\"article\" \/>\n<meta property=\"og:title\" content=\"Regalar Can\u00e7ons per al dia del pare | Distac Studio\" \/>\n<meta property=\"og:description\" content=\"Qui no estima als seus pares? Perqu\u00e8 si vols demostrar-li el teu afecte i amor, regala-li l&#039;experi\u00e8ncia de venir a un estudi de gravaci\u00f3! Vine a Distac!\" \/>\n<meta property=\"og:url\" content=\"https:\/\/distacstudio.es\/ca\/cancons-per-al-dia-del-pare\/\" \/>\n<meta property=\"og:site_name\" content=\"Distac Studio\" \/>\n<meta property=\"article:modified_time\" content=\"2023-06-16T07:36:22+00:00\" \/>\n<meta name=\"twitter:card\" content=\"summary_large_image\" \/>\n<meta name=\"twitter:label1\" content=\"Temps estimat de lectura\" \/>\n\t<meta name=\"twitter:data1\" content=\"3 minuts\" \/>\n<script type=\"application\/ld+json\" class=\"yoast-schema-graph\">{\"@context\":\"https:\/\/schema.org\",\"@graph\":[{\"@type\":\"WebPage\",\"@id\":\"https:\/\/distacstudio.es\/ca\/cancons-per-al-dia-del-pare\/\",\"url\":\"https:\/\/distacstudio.es\/ca\/cancons-per-al-dia-del-pare\/\",\"name\":\"Regalar Can\u00e7ons per al dia del pare | Distac Studio\",\"isPartOf\":{\"@id\":\"https:\/\/distacstudio.es\/#website\"},\"primaryImageOfPage\":{\"@id\":\"https:\/\/distacstudio.es\/ca\/cancons-per-al-dia-del-pare\/#primaryimage\"},\"image\":{\"@id\":\"https:\/\/distacstudio.es\/ca\/cancons-per-al-dia-del-pare\/#primaryimage\"},\"thumbnailUrl\":\"https:\/\/distacstudio.es\/wp-content\/uploads\/2023\/01\/padre-con-familia-feliz.jpg\",\"datePublished\":\"2023-01-17T11:07:32+00:00\",\"dateModified\":\"2023-06-16T07:36:22+00:00\",\"description\":\"Qui no estima als seus pares? Perqu\u00e8 si vols demostrar-li el teu afecte i amor, regala-li l'experi\u00e8ncia de venir a un estudi de gravaci\u00f3! Vine a Distac!\",\"breadcrumb\":{\"@id\":\"https:\/\/distacstudio.es\/ca\/cancons-per-al-dia-del-pare\/#breadcrumb\"},\"inLanguage\":\"ca\",\"potentialAction\":[{\"@type\":\"ReadAction\",\"target\":[\"https:\/\/distacstudio.es\/ca\/cancons-per-al-dia-del-pare\/\"]}]},{\"@type\":\"ImageObject\",\"inLanguage\":\"ca\",\"@id\":\"https:\/\/distacstudio.es\/ca\/cancons-per-al-dia-del-pare\/#primaryimage\",\"url\":\"https:\/\/distacstudio.es\/wp-content\/uploads\/2023\/01\/padre-con-familia-feliz.jpg\",\"contentUrl\":\"https:\/\/distacstudio.es\/wp-content\/uploads\/2023\/01\/padre-con-familia-feliz.jpg\",\"width\":1500,\"height\":1000},{\"@type\":\"BreadcrumbList\",\"@id\":\"https:\/\/distacstudio.es\/ca\/cancons-per-al-dia-del-pare\/#breadcrumb\",\"itemListElement\":[{\"@type\":\"ListItem\",\"position\":1,\"name\":\"Portada\",\"item\":\"https:\/\/distacstudio.es\/ca\/\"},{\"@type\":\"ListItem\",\"position\":2,\"name\":\"Can\u00e7ons per al dia del pare\"}]},{\"@type\":\"WebSite\",\"@id\":\"https:\/\/distacstudio.es\/#website\",\"url\":\"https:\/\/distacstudio.es\/\",\"name\":\"Distac Studio\",\"description\":\"Just another WordPress site\",\"potentialAction\":[{\"@type\":\"SearchAction\",\"target\":{\"@type\":\"EntryPoint\",\"urlTemplate\":\"https:\/\/distacstudio.es\/?s={search_term_string}\"},\"query-input\":{\"@type\":\"PropertyValueSpecification\",\"valueRequired\":true,\"valueName\":\"search_term_string\"}}],\"inLanguage\":\"ca\"}]}<\/script>\n<!-- \/ Yoast SEO plugin. -->","yoast_head_json":{"title":"Regalar Can\u00e7ons per al dia del pare | Distac Studio","description":"Qui no estima als seus pares? Perqu\u00e8 si vols demostrar-li el teu afecte i amor, regala-li l'experi\u00e8ncia de venir a un estudi de gravaci\u00f3! Vine a Distac!","robots":{"index":"index","follow":"follow","max-snippet":"max-snippet:-1","max-image-preview":"max-image-preview:large","max-video-preview":"max-video-preview:-1"},"canonical":"https:\/\/distacstudio.es\/ca\/cancons-per-al-dia-del-pare\/","og_locale":"ca_ES","og_type":"article","og_title":"Regalar Can\u00e7ons per al dia del pare | Distac Studio","og_description":"Qui no estima als seus pares? Perqu\u00e8 si vols demostrar-li el teu afecte i amor, regala-li l'experi\u00e8ncia de venir a un estudi de gravaci\u00f3! Vine a Distac!","og_url":"https:\/\/distacstudio.es\/ca\/cancons-per-al-dia-del-pare\/","og_site_name":"Distac Studio","article_modified_time":"2023-06-16T07:36:22+00:00","twitter_card":"summary_large_image","twitter_misc":{"Temps estimat de lectura":"3 minuts"},"schema":{"@context":"https:\/\/schema.org","@graph":[{"@type":"WebPage","@id":"https:\/\/distacstudio.es\/ca\/cancons-per-al-dia-del-pare\/","url":"https:\/\/distacstudio.es\/ca\/cancons-per-al-dia-del-pare\/","name":"Regalar Can\u00e7ons per al dia del pare | Distac Studio","isPartOf":{"@id":"https:\/\/distacstudio.es\/#website"},"primaryImageOfPage":{"@id":"https:\/\/distacstudio.es\/ca\/cancons-per-al-dia-del-pare\/#primaryimage"},"image":{"@id":"https:\/\/distacstudio.es\/ca\/cancons-per-al-dia-del-pare\/#primaryimage"},"thumbnailUrl":"https:\/\/distacstudio.es\/wp-content\/uploads\/2023\/01\/padre-con-familia-feliz.jpg","datePublished":"2023-01-17T11:07:32+00:00","dateModified":"2023-06-16T07:36:22+00:00","description":"Qui no estima als seus pares? Perqu\u00e8 si vols demostrar-li el teu afecte i amor, regala-li l'experi\u00e8ncia de venir a un estudi de gravaci\u00f3! Vine a Distac!","breadcrumb":{"@id":"https:\/\/distacstudio.es\/ca\/cancons-per-al-dia-del-pare\/#breadcrumb"},"inLanguage":"ca","potentialAction":[{"@type":"ReadAction","target":["https:\/\/distacstudio.es\/ca\/cancons-per-al-dia-del-pare\/"]}]},{"@type":"ImageObject","inLanguage":"ca","@id":"https:\/\/distacstudio.es\/ca\/cancons-per-al-dia-del-pare\/#primaryimage","url":"https:\/\/distacstudio.es\/wp-content\/uploads\/2023\/01\/padre-con-familia-feliz.jpg","contentUrl":"https:\/\/distacstudio.es\/wp-content\/uploads\/2023\/01\/padre-con-familia-feliz.jpg","width":1500,"height":1000},{"@type":"BreadcrumbList","@id":"https:\/\/distacstudio.es\/ca\/cancons-per-al-dia-del-pare\/#breadcrumb","itemListElement":[{"@type":"ListItem","position":1,"name":"Portada","item":"https:\/\/distacstudio.es\/ca\/"},{"@type":"ListItem","position":2,"name":"Can\u00e7ons per al dia del pare"}]},{"@type":"WebSite","@id":"https:\/\/distacstudio.es\/#website","url":"https:\/\/distacstudio.es\/","name":"Distac Studio","description":"Just another WordPress site","potentialAction":[{"@type":"SearchAction","target":{"@type":"EntryPoint","urlTemplate":"https:\/\/distacstudio.es\/?s={search_term_string}"},"query-input":{"@type":"PropertyValueSpecification","valueRequired":true,"valueName":"search_term_string"}}],"inLanguage":"ca"}]}},"_links":{"self":[{"href":"https:\/\/distacstudio.es\/ca\/wp-json\/wp\/v2\/pages\/1156","targetHints":{"allow":["GET"]}}],"collection":[{"href":"https:\/\/distacstudio.es\/ca\/wp-json\/wp\/v2\/pages"}],"about":[{"href":"https:\/\/distacstudio.es\/ca\/wp-json\/wp\/v2\/types\/page"}],"author":[{"embeddable":true,"href":"https:\/\/distacstudio.es\/ca\/wp-json\/wp\/v2\/users\/2"}],"replies":[{"embeddable":true,"href":"https:\/\/distacstudio.es\/ca\/wp-json\/wp\/v2\/comments?post=1156"}],"version-history":[{"count":2,"href":"https:\/\/distacstudio.es\/ca\/wp-json\/wp\/v2\/pages\/1156\/revisions"}],"predecessor-version":[{"id":1158,"href":"https:\/\/distacstudio.es\/ca\/wp-json\/wp\/v2\/pages\/1156\/revisions\/1158"}],"wp:featuredmedia":[{"embeddable":true,"href":"https:\/\/distacstudio.es\/ca\/wp-json\/wp\/v2\/media\/981"}],"wp:attachment":[{"href":"https:\/\/distacstudio.es\/ca\/wp-json\/wp\/v2\/media?parent=1156"}],"curies":[{"name":"wp","href":"https:\/\/api.w.org\/{rel}","templated":true}]}}